{"id":18565,"date":"2025-01-16T12:28:13","date_gmt":"2025-01-16T17:28:13","guid":{"rendered":"https:\/\/metropolisconference.ca\/?post_type=product&#038;p=18565"},"modified":"2025-01-16T12:43:43","modified_gmt":"2025-01-16T17:43:43","slug":"27th-metropolis-canada-conference-toronto-2025-private","status":"publish","type":"product","link":"https:\/\/metropolisconference.ca\/en\/product\/27th-metropolis-canada-conference-toronto-2025-private\/","title":{"rendered":"27th Metropolis Canada conference &#8211; Toronto 2025 ( Private)"},"content":{"rendered":"","protected":false},"excerpt":{"rendered":"","protected":false},"featured_media":0,"template":"","meta":{"_acf_changed":false},"product_cat":[156],"product_tag":[],"class_list":["post-18565","product","type-product","status-publish","hentry","product_cat-metropolis_canada","wcpa_has_options"],"acf":[],"wcpa_form_fields":{"rules":{"pric_overide_base_price":false,"pric_overide_base_price_if_gt_zero":false,"pric_overide_base_price_fully":false,"pric_cal_option_once":false,"pric_use_as_fee":false,"bind_quantity":false,"quantity_bind_formula":false},"fields":[{"type":"checkbox-group","elementId":"wcpa-checkbox-group-6733bd9b65405","label":"Journ\u00e9e de participation (si vous avez choisi l'option 1 jour)","description":"Please choose which day you will attend the conference if you have chosen the 1-day option","desc_type":true,"priceOptions":"different_for_all","pricingType":"fixed","name":"checkbox-group-6733bd9b6541d","max_options":"1","other_text":"Other","enableCl":true,"cl_rule":"show","cl_val":"179","operator":"or","col":6,"values":[{"label":"Jeudi, Mars 13","value":"march-13","price":"","pimage":"","pimage_id":"","pthumb":""},{"label":"Vendredi, Mars 14","value":"march-14","price":"","pimage":"","pimage_id":"","pthumb":""},{"label":"Samedi, Mars 15","value":"march-15","price":"","pimage":"","pimage_id":"","pthumb":""}],"relations":[{"operator":false,"rules":[{"operator":"or","rules":{"cl_field":"attribute","cl_relation":"pa_event-length","cl_val":"one-day"}},{"operator":"or","rules":{"cl_field":"attribute","cl_relation":"pa_event-length","cl_val":"one-day-in-person"}},{"operator":false,"rules":{"cl_field":"attribute","cl_relation":"pa_event-length","cl_val":"one-day-virtual-nov30"}}]}],"form_id":17224,"form_rules":{"pric_cal_option_once":false,"exclude_from_discount":false,"pric_use_as_fee":false,"fee_label":"Fee","render_after_acb":false,"disp_hide_options_price":false}},{"type":"textarea","elementId":"wcpa-textarea-6733bd9b6542c","label":"Detailed information of each participant (if you are registering several at once)","description":"Informations d\u00e9taill\u00e9es sur chaque participant (si vous en inscrivez plusieurs en m\u00eame temps)","desc_type":true,"placeholder":"Indiquez ici le(s) nom(s), l'(les) adresse(s) \u00e9lectronique(s) et l'(les) organisation(s) de chaque participant.","pricingType":"fixed","rows":"3","name":"textarea-6733bd9b65439","cl_rule":"show","col":6,"relations":false,"form_id":17224,"form_rules":{"pric_cal_option_once":false,"exclude_from_discount":false,"pric_use_as_fee":false,"fee_label":"Fee","render_after_acb":false,"disp_hide_options_price":false}},{"type":"checkbox-group","required":true,"elementId":"wcpa-checkbox-group-6733bd9b65448","label":"Veuillez confirmer que vous avez lu et accept\u00e9 la d\u00e9claration ci-dessous.","priceOptions":"different_for_all","pricingType":"fixed","name":"checkbox-group-6733bd9b65456","other_text":"Other","cl_rule":"show","col":6,"values":[{"label":"Je comprends qu'ACS\/Metropolis se r\u00e9serve le droit de capturer des images des sessions de la conf\u00e9rence, des pr\u00e9sentations et d'utiliser tout autre mat\u00e9riel partag\u00e9 pendant notre \u00e9v\u00e9nement \u00e0 des fins d'information et de promotion. ","value":"accepter","price":"","pimage":"","pimage_id":"","pthumb":""}],"relations":false,"form_id":17224,"form_rules":{"pric_cal_option_once":false,"exclude_from_discount":false,"pric_use_as_fee":false,"fee_label":"Fee","render_after_acb":false,"disp_hide_options_price":false}},{"type":"paragraph","subtype":"div","label":"Aucun remboursement pour les inscriptions annul\u00e9es ne sera effectu\u00e9 apr\u00e8s le 1er mars 2025.","elementId":"wcpa-paragraph-6733bd9b65463","pricingType":"fixed","cl_rule":"show","col":6,"relations":false,"form_id":17224,"form_rules":{"pric_cal_option_once":false,"exclude_from_discount":false,"pric_use_as_fee":false,"fee_label":"Fee","render_after_acb":false,"disp_hide_options_price":false}}]},"jetpack_sharing_enabled":true,"_links":{"self":[{"href":"https:\/\/metropolisconference.ca\/en\/wp-json\/wp\/v2\/product\/18565","targetHints":{"allow":["GET"]}}],"collection":[{"href":"https:\/\/metropolisconference.ca\/en\/wp-json\/wp\/v2\/product"}],"about":[{"href":"https:\/\/metropolisconference.ca\/en\/wp-json\/wp\/v2\/types\/product"}],"wp:attachment":[{"href":"https:\/\/metropolisconference.ca\/en\/wp-json\/wp\/v2\/media?parent=18565"}],"wp:term":[{"taxonomy":"product_cat","embeddable":true,"href":"https:\/\/metropolisconference.ca\/en\/wp-json\/wp\/v2\/product_cat?post=18565"},{"taxonomy":"product_tag","embeddable":true,"href":"https:\/\/metropolisconference.ca\/en\/wp-json\/wp\/v2\/product_tag?post=18565"}],"curies":[{"name":"wp","href":"https:\/\/api.w.org\/{rel}","templated":true}]}}