{"id":12,"date":"2019-04-27T17:31:01","date_gmt":"2019-04-27T22:31:01","guid":{"rendered":"http:\/\/metropolisconference.acerspyro.ca\/?page_id=12"},"modified":"2019-04-27T21:39:11","modified_gmt":"2019-04-28T02:39:11","slug":"a-propos-de-nous","status":"publish","type":"page","link":"https:\/\/metropolisconference.ca\/fr\/a-propos-de-nous\/","title":{"rendered":"\u00c0 propos de nous"},"content":{"rendered":"<h2>\u00c0 propos de Metropolis<\/h2>\n<p>\nLe Congr\u00e8s national Metropolis est le plus grand rassemblement annuel de chercheurs, de d\u00e9cideurs et de repr\u00e9sentants d&rsquo;organismes d&rsquo;aide \u00e0 l&rsquo;\u00e9tablissement et communautaires \u0153uvrant dans le domaine de l&rsquo;immigration et de l&rsquo;\u00e9tablissement au Canada.\n<\/p>\n<p>\nChaque mois de mars, le Congr\u00e8s national Metropolis r\u00e9unit jusqu&rsquo;\u00e0 1 000 personnes afin de discuter des probl\u00e8mes \u00e9mergents, d&rsquo;identifier et de d\u00e9finir les priorit\u00e9s de recherche et d&rsquo;informer les politiques relatives \u00e0 l&rsquo;immigration, aux r\u00e9fugi\u00e9s, \u00e0 l&rsquo;\u00e9tablissement et \u00e0 l&rsquo;int\u00e9gration au Canada. Le congr\u00e8s annuel est compos\u00e9 de s\u00e9ances pl\u00e9ni\u00e8res auxquelles sont invit\u00e9s d&rsquo;\u00e9minents conf\u00e9renciers, ainsi que d&rsquo; ateliers et de tables rondes qui touchent une grande vari\u00e9t\u00e9 de sujets.<\/p>\n","protected":false},"excerpt":{"rendered":"<p>\u00c0 propos de Metropolis Le Congr\u00e8s national Metropolis est le plus grand rassemblement annuel de chercheurs, de d\u00e9cideurs et de repr\u00e9sentants d&rsquo;organismes d&rsquo;aide \u00e0 l&rsquo;\u00e9tablissement et communautaires \u0153uvrant dans le domaine de l&rsquo;immigration et de l&rsquo;\u00e9tablissement au Canada. Chaque mois de mars, le Congr\u00e8s national Metropolis r\u00e9unit jusqu&rsquo;\u00e0 1 000 personnes afin de discuter des [&hellip;]<\/p>\n","protected":false},"author":1,"featured_media":0,"parent":0,"menu_order":0,"comment_status":"closed","ping_status":"closed","template":"templates\/post_bg3.php","meta":{"_acf_changed":false,"footnotes":""},"class_list":["post-12","page","type-page","status-publish","hentry"],"acf":[],"jetpack_sharing_enabled":true,"_links":{"self":[{"href":"https:\/\/metropolisconference.ca\/fr\/wp-json\/wp\/v2\/pages\/12","targetHints":{"allow":["GET"]}}],"collection":[{"href":"https:\/\/metropolisconference.ca\/fr\/wp-json\/wp\/v2\/pages"}],"about":[{"href":"https:\/\/metropolisconference.ca\/fr\/wp-json\/wp\/v2\/types\/page"}],"author":[{"embeddable":true,"href":"https:\/\/metropolisconference.ca\/fr\/wp-json\/wp\/v2\/users\/1"}],"replies":[{"embeddable":true,"href":"https:\/\/metropolisconference.ca\/fr\/wp-json\/wp\/v2\/comments?post=12"}],"version-history":[{"count":6,"href":"https:\/\/metropolisconference.ca\/fr\/wp-json\/wp\/v2\/pages\/12\/revisions"}],"predecessor-version":[{"id":90,"href":"https:\/\/metropolisconference.ca\/fr\/wp-json\/wp\/v2\/pages\/12\/revisions\/90"}],"wp:attachment":[{"href":"https:\/\/metropolisconference.ca\/fr\/wp-json\/wp\/v2\/media?parent=12"}],"curies":[{"name":"wp","href":"https:\/\/api.w.org\/{rel}","templated":true}]}}