{"id":17,"date":"2019-04-27T17:34:17","date_gmt":"2019-04-27T22:34:17","guid":{"rendered":"http:\/\/metropolisconference.acerspyro.ca\/?page_id=17"},"modified":"2022-07-25T14:54:15","modified_gmt":"2022-07-25T18:54:15","slug":"prix","status":"publish","type":"page","link":"https:\/\/metropolisconference.ca\/fr\/prix\/","title":{"rendered":"Prix d&rsquo;excellence"},"content":{"rendered":"\n<h2 class=\"wp-block-heading\">LES PRIX d&rsquo;excellence METROPOLIS CANADA<\/h2>\n\n\n\n<p>Les Prix d&rsquo;excellence Metropolis reconnaissent et c\u00e9l\u00e8brent des contributions exceptionnelles dans le domaine de l&rsquo;immigration et de l&rsquo;\u00e9tablissement au Canada. Ce prix national vise \u00e0 \u00e9tablir une r\u00e9f\u00e9rence en mati\u00e8re de r\u00e9alisation et d\u2019excellence, apportant fiert\u00e9 et reconnaissance de leurs pairs aux laur\u00e9ats. Sur la base d&rsquo;un processus de nomination, le Sous-comit\u00e9 des Prix Metropolis Canada, compos\u00e9 des membres du Comit\u00e9 organisateur du Congr\u00e8s, est charg\u00e9 de s\u00e9lectionner les laur\u00e9ats. <\/p>\n\n\n\n<hr class=\"wp-block-separator\"\/>\n\n\n\n<h2 class=\"wp-block-heading\">LAUR\u00c9ATS DES PRIX METROPOLIS CANADA 2022<\/h2>\n\n\n\n<div style=\"height:20px\" aria-hidden=\"true\" class=\"wp-block-spacer\"><\/div>\n\n\n\n<div class=\"wp-block-media-text alignwide is-stacked-on-mobile\" style=\"grid-template-columns:21% auto\"><figure class=\"wp-block-media-text__media\"><img loading=\"lazy\" decoding=\"async\" width=\"999\" height=\"998\" src=\"https:\/\/metropolisconference.ca\/wp-content\/uploads\/2022\/07\/Dan-Hiebert-carre.png\" alt=\"\" class=\"wp-image-6707 size-full\" srcset=\"https:\/\/metropolisconference.ca\/wp-content\/uploads\/2022\/07\/Dan-Hiebert-carre.png 999w, https:\/\/metropolisconference.ca\/wp-content\/uploads\/2022\/07\/Dan-Hiebert-carre-300x300.png 300w, https:\/\/metropolisconference.ca\/wp-content\/uploads\/2022\/07\/Dan-Hiebert-carre-150x150.png 150w, https:\/\/metropolisconference.ca\/wp-content\/uploads\/2022\/07\/Dan-Hiebert-carre-768x767.png 768w, https:\/\/metropolisconference.ca\/wp-content\/uploads\/2022\/07\/Dan-Hiebert-carre-600x599.png 600w, https:\/\/metropolisconference.ca\/wp-content\/uploads\/2022\/07\/Dan-Hiebert-carre-100x100.png 100w\" sizes=\"auto, (max-width: 999px) 100vw, 999px\" \/><\/figure><div class=\"wp-block-media-text__content\">\n<h3 class=\"wp-block-heading\"><strong><strong>LAUR\u00c9AT METROPOLIS POUR LES CHERCHEURS<\/strong><\/strong><\/h3>\n\n\n\n<p><strong><mark style=\"background-color:rgba(0, 0, 0, 0);color:#2ab9b9\" class=\"has-inline-color\">Dan Hiebert<\/mark><\/strong><\/p>\n\n\n\n<p>Professeur, University of British Columbia<\/p>\n<\/div><\/div>\n\n\n\n<div style=\"height:20px\" aria-hidden=\"true\" class=\"wp-block-spacer\"><\/div>\n\n\n\n<div class=\"wp-block-media-text alignwide is-stacked-on-mobile\" style=\"grid-template-columns:21% auto\"><figure class=\"wp-block-media-text__media\"><img loading=\"lazy\" decoding=\"async\" width=\"1024\" height=\"913\" src=\"https:\/\/metropolisconference.ca\/wp-content\/uploads\/2022\/07\/Queenie-Choo.jpg\" alt=\"\" class=\"wp-image-6709 size-full\" srcset=\"https:\/\/metropolisconference.ca\/wp-content\/uploads\/2022\/07\/Queenie-Choo.jpg 1024w, https:\/\/metropolisconference.ca\/wp-content\/uploads\/2022\/07\/Queenie-Choo-300x267.jpg 300w, https:\/\/metropolisconference.ca\/wp-content\/uploads\/2022\/07\/Queenie-Choo-768x685.jpg 768w, https:\/\/metropolisconference.ca\/wp-content\/uploads\/2022\/07\/Queenie-Choo-600x535.jpg 600w\" sizes=\"auto, (max-width: 1024px) 100vw, 1024px\" \/><\/figure><div class=\"wp-block-media-text__content\">\n<h3 class=\"wp-block-heading\"><strong><strong>LAUR\u00c9ATE METROPOLIS POUR LES PRESTATAIRES DE SERVICES<\/strong><\/strong><\/h3>\n\n\n\n<p><strong><mark style=\"background-color:rgba(0, 0, 0, 0);color:#2ab9b9\" class=\"has-inline-color\">Queenie Choo<\/mark><\/strong><\/p>\n\n\n\n<p>Directrice g\u00e9n\u00e9rale, S.U.C.C.E.S.S, Colombie-Britannique<\/p>\n<\/div><\/div>\n\n\n\n<div style=\"height:20px\" aria-hidden=\"true\" class=\"wp-block-spacer\"><\/div>\n\n\n\n<div class=\"wp-block-media-text alignwide is-stacked-on-mobile\" style=\"grid-template-columns:21% auto\"><figure class=\"wp-block-media-text__media\"><img loading=\"lazy\" decoding=\"async\" width=\"1024\" height=\"1024\" src=\"https:\/\/metropolisconference.ca\/wp-content\/uploads\/2022\/07\/Anil-Arora-carre-1024x1024.jpg\" alt=\"\" class=\"wp-image-6711 size-full\" srcset=\"https:\/\/metropolisconference.ca\/wp-content\/uploads\/2022\/07\/Anil-Arora-carre-1024x1024.jpg 1024w, https:\/\/metropolisconference.ca\/wp-content\/uploads\/2022\/07\/Anil-Arora-carre-300x300.jpg 300w, https:\/\/metropolisconference.ca\/wp-content\/uploads\/2022\/07\/Anil-Arora-carre-150x150.jpg 150w, https:\/\/metropolisconference.ca\/wp-content\/uploads\/2022\/07\/Anil-Arora-carre-768x768.jpg 768w, https:\/\/metropolisconference.ca\/wp-content\/uploads\/2022\/07\/Anil-Arora-carre-1536x1536.jpg 1536w, https:\/\/metropolisconference.ca\/wp-content\/uploads\/2022\/07\/Anil-Arora-carre-2048x2048.jpg 2048w, https:\/\/metropolisconference.ca\/wp-content\/uploads\/2022\/07\/Anil-Arora-carre-600x600.jpg 600w, https:\/\/metropolisconference.ca\/wp-content\/uploads\/2022\/07\/Anil-Arora-carre-100x100.jpg 100w\" sizes=\"auto, (max-width: 1024px) 100vw, 1024px\" \/><\/figure><div class=\"wp-block-media-text__content\">\n<h3 class=\"wp-block-heading\"><strong>LAUR\u00c9AT METROPOLIS POUR LES D\u00c9CIDEURS<\/strong><\/h3>\n\n\n\n<p><strong><mark style=\"background-color:rgba(0, 0, 0, 0);color:#2ab9b9\" class=\"has-inline-color\">Anil Arora<\/mark><\/strong><\/p>\n\n\n\n<p>Statisticien en chef du Canada<\/p>\n<\/div><\/div>\n\n\n\n<hr class=\"wp-block-separator\"\/>\n\n\n\n<h2 class=\"wp-block-heading\">LAUR\u00c9ATS DES PRIX METROPOLIS CANADA 2021<\/h2>\n\n\n\n<div style=\"height:20px\" aria-hidden=\"true\" class=\"wp-block-spacer\"><\/div>\n\n\n\n<div class=\"wp-block-media-text alignwide is-stacked-on-mobile\" style=\"grid-template-columns:21% auto\"><figure class=\"wp-block-media-text__media\"><img loading=\"lazy\" decoding=\"async\" width=\"899\" height=\"900\" src=\"https:\/\/metropolisconference.ca\/wp-content\/uploads\/2021\/03\/Lori-Wilkinson-2.jpg\" alt=\"\" class=\"wp-image-3073 size-full\" srcset=\"https:\/\/metropolisconference.ca\/wp-content\/uploads\/2021\/03\/Lori-Wilkinson-2.jpg 899w, https:\/\/metropolisconference.ca\/wp-content\/uploads\/2021\/03\/Lori-Wilkinson-2-300x300.jpg 300w, https:\/\/metropolisconference.ca\/wp-content\/uploads\/2021\/03\/Lori-Wilkinson-2-150x150.jpg 150w, https:\/\/metropolisconference.ca\/wp-content\/uploads\/2021\/03\/Lori-Wilkinson-2-768x769.jpg 768w, https:\/\/metropolisconference.ca\/wp-content\/uploads\/2021\/03\/Lori-Wilkinson-2-600x601.jpg 600w, https:\/\/metropolisconference.ca\/wp-content\/uploads\/2021\/03\/Lori-Wilkinson-2-100x100.jpg 100w\" sizes=\"auto, (max-width: 899px) 100vw, 899px\" \/><\/figure><div class=\"wp-block-media-text__content\">\n<h3 class=\"wp-block-heading\"><strong>LAUR\u00c9ATE METROPOLIS POUR LES CHERCHEURS<\/strong><\/h3>\n\n\n\n<p><strong><span style=\"color:#2ab9b9\" class=\"has-inline-color\">Lori Wilkinson<\/span><\/strong><\/p>\n\n\n\n<p>Professeure, Universit\u00e9 du Manitoba \/ Canada Research West<\/p>\n<\/div><\/div>\n\n\n\n<div style=\"height:20px\" aria-hidden=\"true\" class=\"wp-block-spacer\"><\/div>\n\n\n\n<div class=\"wp-block-media-text alignwide is-stacked-on-mobile\" style=\"grid-template-columns:21% auto\"><figure class=\"wp-block-media-text__media\"><img loading=\"lazy\" decoding=\"async\" width=\"283\" height=\"283\" src=\"https:\/\/metropolisconference.ca\/wp-content\/uploads\/2021\/03\/Tara-Bedard-2.jpg\" alt=\"\" class=\"wp-image-3071 size-full\" srcset=\"https:\/\/metropolisconference.ca\/wp-content\/uploads\/2021\/03\/Tara-Bedard-2.jpg 283w, https:\/\/metropolisconference.ca\/wp-content\/uploads\/2021\/03\/Tara-Bedard-2-150x150.jpg 150w, https:\/\/metropolisconference.ca\/wp-content\/uploads\/2021\/03\/Tara-Bedard-2-100x100.jpg 100w\" sizes=\"auto, (max-width: 283px) 100vw, 283px\" \/><\/figure><div class=\"wp-block-media-text__content\">\n<h3 class=\"wp-block-heading\"><strong>LAUR\u00c9ATE METROPOLIS POUR LES PRESTATAIRES DE SERVICES<\/strong><\/h3>\n\n\n\n<p><strong><span style=\"color:#2ab9b9\" class=\"has-inline-color\">Tara Bedard<\/span><\/strong><\/p>\n\n\n\n<p>Directrice ex\u00e9cutive du Waterloo Region Immigration Partnership<\/p>\n<\/div><\/div>\n\n\n\n<div style=\"height:20px\" aria-hidden=\"true\" class=\"wp-block-spacer\"><\/div>\n\n\n\n<div class=\"wp-block-media-text alignwide is-stacked-on-mobile\" style=\"grid-template-columns:21% auto\"><figure class=\"wp-block-media-text__media\"><img loading=\"lazy\" decoding=\"async\" width=\"204\" height=\"204\" src=\"https:\/\/metropolisconference.ca\/wp-content\/uploads\/2021\/03\/Dawn-Edlund-2.jpg\" alt=\"\" class=\"wp-image-3069 size-full\" srcset=\"https:\/\/metropolisconference.ca\/wp-content\/uploads\/2021\/03\/Dawn-Edlund-2.jpg 204w, https:\/\/metropolisconference.ca\/wp-content\/uploads\/2021\/03\/Dawn-Edlund-2-150x150.jpg 150w, https:\/\/metropolisconference.ca\/wp-content\/uploads\/2021\/03\/Dawn-Edlund-2-100x100.jpg 100w\" sizes=\"auto, (max-width: 204px) 100vw, 204px\" \/><\/figure><div class=\"wp-block-media-text__content\">\n<h3 class=\"wp-block-heading\"><strong><strong>LAUR\u00c9ATE METROPOLIS POUR LES D\u00c9CIDEURS<\/strong><\/strong><\/h3>\n\n\n\n<p><strong><span style=\"color:#2ab9b9\" class=\"has-inline-color\">Dawn Edlund<\/span><\/strong><\/p>\n\n\n\n<p>Ancienne sous\u2011ministre adjointe d\u00e9l\u00e9gu\u00e9e des Op\u00e9rations \u00e0 Immigration, R\u00e9fugi\u00e9s et Citoyennet\u00e9 Canada et responsable op\u00e9rationnelle du gouvernement du Canada pour l\u2019Op\u00e9ration visant les r\u00e9fugi\u00e9s syriens (Retrait\u00e9e)<\/p>\n<\/div><\/div>\n\n\n\n<hr class=\"wp-block-separator\"\/>\n\n\n\n<h2 class=\"wp-block-heading\">LAUR\u00c9ATS DES PRIX METROPOLIS CANADA 2020<\/h2>\n\n\n\n<div style=\"height:20px\" aria-hidden=\"true\" class=\"wp-block-spacer\"><\/div>\n\n\n\n<div class=\"wp-block-media-text alignwide is-stacked-on-mobile\" style=\"grid-template-columns:21% auto\"><figure class=\"wp-block-media-text__media\"><img loading=\"lazy\" decoding=\"async\" width=\"2560\" height=\"2560\" src=\"https:\/\/metropolisconference.ca\/wp-content\/uploads\/2021\/02\/Vic-Satzewich-carre-scaled.jpg\" alt=\"\" class=\"wp-image-3042 size-full\" srcset=\"https:\/\/metropolisconference.ca\/wp-content\/uploads\/2021\/02\/Vic-Satzewich-carre-scaled.jpg 2560w, https:\/\/metropolisconference.ca\/wp-content\/uploads\/2021\/02\/Vic-Satzewich-carre-300x300.jpg 300w, https:\/\/metropolisconference.ca\/wp-content\/uploads\/2021\/02\/Vic-Satzewich-carre-1024x1024.jpg 1024w, https:\/\/metropolisconference.ca\/wp-content\/uploads\/2021\/02\/Vic-Satzewich-carre-150x150.jpg 150w, https:\/\/metropolisconference.ca\/wp-content\/uploads\/2021\/02\/Vic-Satzewich-carre-768x768.jpg 768w, https:\/\/metropolisconference.ca\/wp-content\/uploads\/2021\/02\/Vic-Satzewich-carre-1536x1536.jpg 1536w, https:\/\/metropolisconference.ca\/wp-content\/uploads\/2021\/02\/Vic-Satzewich-carre-2048x2048.jpg 2048w, https:\/\/metropolisconference.ca\/wp-content\/uploads\/2021\/02\/Vic-Satzewich-carre-600x600.jpg 600w, https:\/\/metropolisconference.ca\/wp-content\/uploads\/2021\/02\/Vic-Satzewich-carre-100x100.jpg 100w\" sizes=\"auto, (max-width: 2560px) 100vw, 2560px\" \/><\/figure><div class=\"wp-block-media-text__content\">\n<h3 class=\"wp-block-heading\"><strong>LAUR\u00c9AT METROPOLIS POUR LES CHERCHEURS<\/strong><\/h3>\n\n\n\n<p><strong><span style=\"color:#2ab9b9\" class=\"has-inline-color\">Dr. Vic Satzewich<\/span><\/strong><\/p>\n\n\n\n<p>Professeur de sociologie, Universit\u00e9 McMaster<\/p>\n<\/div><\/div>\n\n\n\n<div style=\"height:20px\" aria-hidden=\"true\" class=\"wp-block-spacer\"><\/div>\n\n\n\n<div class=\"wp-block-media-text alignwide is-stacked-on-mobile\" style=\"grid-template-columns:21% auto\"><figure class=\"wp-block-media-text__media\"><img loading=\"lazy\" decoding=\"async\" width=\"862\" height=\"862\" src=\"https:\/\/metropolisconference.ca\/wp-content\/uploads\/2021\/02\/Abdikheir-Ahmed-carre.jpg\" alt=\"\" class=\"wp-image-3044 size-full\" srcset=\"https:\/\/metropolisconference.ca\/wp-content\/uploads\/2021\/02\/Abdikheir-Ahmed-carre.jpg 862w, https:\/\/metropolisconference.ca\/wp-content\/uploads\/2021\/02\/Abdikheir-Ahmed-carre-300x300.jpg 300w, https:\/\/metropolisconference.ca\/wp-content\/uploads\/2021\/02\/Abdikheir-Ahmed-carre-150x150.jpg 150w, https:\/\/metropolisconference.ca\/wp-content\/uploads\/2021\/02\/Abdikheir-Ahmed-carre-768x768.jpg 768w, https:\/\/metropolisconference.ca\/wp-content\/uploads\/2021\/02\/Abdikheir-Ahmed-carre-600x600.jpg 600w, https:\/\/metropolisconference.ca\/wp-content\/uploads\/2021\/02\/Abdikheir-Ahmed-carre-100x100.jpg 100w\" sizes=\"auto, (max-width: 862px) 100vw, 862px\" \/><\/figure><div class=\"wp-block-media-text__content\">\n<h3 class=\"wp-block-heading\"><strong>LAUR\u00c9AT METROPOLIS POUR LES PRESTATAIRES DE SERVICES<\/strong><\/h3>\n\n\n\n<p><strong><span style=\"color:#2ab9b9\" class=\"has-inline-color\">Abdikheir Ahmed<\/span><\/strong><\/p>\n\n\n\n<p>Directeur ex\u00e9cutif, Aurora Family Therapy Centre<\/p>\n<\/div><\/div>\n\n\n\n<div style=\"height:20px\" aria-hidden=\"true\" class=\"wp-block-spacer\"><\/div>\n\n\n\n<div class=\"wp-block-media-text alignwide is-stacked-on-mobile\" style=\"grid-template-columns:21% auto\"><figure class=\"wp-block-media-text__media\"><img loading=\"lazy\" decoding=\"async\" width=\"1024\" height=\"1024\" src=\"https:\/\/metropolisconference.ca\/wp-content\/uploads\/2021\/02\/Shamira-Madhany-carre-1024x1024.jpg\" alt=\"\" class=\"wp-image-3046 size-full\" srcset=\"https:\/\/metropolisconference.ca\/wp-content\/uploads\/2021\/02\/Shamira-Madhany-carre-1024x1024.jpg 1024w, https:\/\/metropolisconference.ca\/wp-content\/uploads\/2021\/02\/Shamira-Madhany-carre-300x300.jpg 300w, https:\/\/metropolisconference.ca\/wp-content\/uploads\/2021\/02\/Shamira-Madhany-carre-150x150.jpg 150w, https:\/\/metropolisconference.ca\/wp-content\/uploads\/2021\/02\/Shamira-Madhany-carre-768x768.jpg 768w, https:\/\/metropolisconference.ca\/wp-content\/uploads\/2021\/02\/Shamira-Madhany-carre-1536x1536.jpg 1536w, https:\/\/metropolisconference.ca\/wp-content\/uploads\/2021\/02\/Shamira-Madhany-carre-2048x2048.jpg 2048w, https:\/\/metropolisconference.ca\/wp-content\/uploads\/2021\/02\/Shamira-Madhany-carre-600x600.jpg 600w, https:\/\/metropolisconference.ca\/wp-content\/uploads\/2021\/02\/Shamira-Madhany-carre-100x100.jpg 100w\" sizes=\"auto, (max-width: 1024px) 100vw, 1024px\" \/><\/figure><div class=\"wp-block-media-text__content\">\n<h3 class=\"wp-block-heading\"><strong>LAUR\u00c9ATE METROPOLIS POUR LES D\u00c9CIDEURS<\/strong><\/h3>\n\n\n\n<p><strong><span style=\"color:#2ab9b9\" class=\"has-inline-color\">Shamira Madhany<\/span><\/strong><\/p>\n\n\n\n<p>Directrice g\u00e9n\u00e9rale, Canada et directrice ex\u00e9cutive adjointe, World Education Services<\/p>\n<\/div><\/div>\n\n\n\n<hr class=\"wp-block-separator\"\/>\n\n\n\n<h2 class=\"wp-block-heading\">Laur\u00e9ats des Prix Metropolis CANADA  2019<\/h2>\n\n\n\n<div style=\"height:20px\" aria-hidden=\"true\" class=\"wp-block-spacer\"><\/div>\n\n\n\n<div class=\"wp-block-media-text alignwide is-stacked-on-mobile\" style=\"grid-template-columns:21% auto\"><figure class=\"wp-block-media-text__media\"><img loading=\"lazy\" decoding=\"async\" width=\"3532\" height=\"3532\" src=\"https:\/\/metropolisconference.ca\/wp-content\/uploads\/2019\/09\/WendyCukier-highres-1.jpg\" alt=\"\" class=\"wp-image-633 size-full\"\/><\/figure><div class=\"wp-block-media-text__content\">\n<h3 class=\"wp-block-heading\"><strong>Laur\u00e9ate Metropolis pour les chercheurs<\/strong><\/h3>\n\n\n\n<p class=\"has-text-color\" style=\"color:#2ab9b9\"><strong>Dr. Wendy Cukier<\/strong><\/p>\n\n\n\n<p>Directrice, Diversity Institute, Ted Rogers School of Management, Ryerson University<\/p>\n<\/div><\/div>\n\n\n\n<div style=\"height:20px\" aria-hidden=\"true\" class=\"wp-block-spacer\"><\/div>\n\n\n\n<div class=\"wp-block-media-text alignwide is-stacked-on-mobile\" style=\"grid-template-columns:21% auto\"><figure class=\"wp-block-media-text__media\"><img loading=\"lazy\" decoding=\"async\" width=\"746\" height=\"747\" src=\"https:\/\/metropolisconference.ca\/wp-content\/uploads\/2019\/09\/Gerry.jpg\" alt=\"\" class=\"wp-image-637 size-full\"\/><\/figure><div class=\"wp-block-media-text__content\">\n<h3 class=\"wp-block-heading\">Laur\u00e9ate Metropolis pour les prestataires de services<\/h3>\n\n\n\n<p class=\"has-text-color\" style=\"color:#2ab9b9\"><strong>Gerry Mills<\/strong><\/p>\n\n\n\n<p>Ancienne directrice ex\u00e9cutive d\u2019ISANS (Immigrant Services Association of Nova Scotia)<\/p>\n<\/div><\/div>\n\n\n\n<div style=\"height:20px\" aria-hidden=\"true\" class=\"wp-block-spacer\"><\/div>\n\n\n\n<div class=\"wp-block-media-text alignwide is-stacked-on-mobile\" style=\"grid-template-columns:21% auto\"><figure class=\"wp-block-media-text__media\"><img loading=\"lazy\" decoding=\"async\" width=\"3995\" height=\"3994\" src=\"https:\/\/metropolisconference.ca\/wp-content\/uploads\/2019\/09\/Veronique-Lamontagne-1.jpg\" alt=\"\" class=\"wp-image-639 size-full\"\/><\/figure><div class=\"wp-block-media-text__content\">\n<h3 class=\"wp-block-heading\">Laur\u00e9ate Metropolis pour les d\u00e9cideurs<\/h3>\n\n\n\n<p class=\"has-text-color\" style=\"color:#2ab9b9\"><strong>V\u00e9ronique Lamontagne<\/strong><\/p>\n\n\n\n<p>Conseill\u00e8re en relations internationales, Responsable des dossiers migration, droits humains et climat, Ville de Montr\u00e9al<\/p>\n<\/div><\/div>\n","protected":false},"excerpt":{"rendered":"<p>LES PRIX d&rsquo;excellence METROPOLIS CANADA Les Prix d&rsquo;excellence Metropolis reconnaissent et c\u00e9l\u00e8brent des contributions exceptionnelles dans le domaine de l&rsquo;immigration et de l&rsquo;\u00e9tablissement au Canada. Ce prix national vise \u00e0 \u00e9tablir une r\u00e9f\u00e9rence en mati\u00e8re de r\u00e9alisation et d\u2019excellence, apportant fiert\u00e9 et reconnaissance de leurs pairs aux laur\u00e9ats. Sur la base d&rsquo;un processus de nomination, [&hellip;]<\/p>\n","protected":false},"author":1,"featured_media":0,"parent":0,"menu_order":0,"comment_status":"closed","ping_status":"closed","template":"templates\/post_bg4.php","meta":{"_acf_changed":false,"footnotes":""},"class_list":["post-17","page","type-page","status-publish","hentry"],"acf":[],"jetpack_sharing_enabled":true,"_links":{"self":[{"href":"https:\/\/metropolisconference.ca\/fr\/wp-json\/wp\/v2\/pages\/17","targetHints":{"allow":["GET"]}}],"collection":[{"href":"https:\/\/metropolisconference.ca\/fr\/wp-json\/wp\/v2\/pages"}],"about":[{"href":"https:\/\/metropolisconference.ca\/fr\/wp-json\/wp\/v2\/types\/page"}],"author":[{"embeddable":true,"href":"https:\/\/metropolisconference.ca\/fr\/wp-json\/wp\/v2\/users\/1"}],"replies":[{"embeddable":true,"href":"https:\/\/metropolisconference.ca\/fr\/wp-json\/wp\/v2\/comments?post=17"}],"version-history":[{"count":26,"href":"https:\/\/metropolisconference.ca\/fr\/wp-json\/wp\/v2\/pages\/17\/revisions"}],"predecessor-version":[{"id":6715,"href":"https:\/\/metropolisconference.ca\/fr\/wp-json\/wp\/v2\/pages\/17\/revisions\/6715"}],"wp:attachment":[{"href":"https:\/\/metropolisconference.ca\/fr\/wp-json\/wp\/v2\/media?parent=17"}],"curies":[{"name":"wp","href":"https:\/\/api.w.org\/{rel}","templated":true}]}}