{"id":11808,"date":"2023-10-16T16:19:30","date_gmt":"2023-10-16T20:19:30","guid":{"rendered":"https:\/\/metropolisconference.ca\/?post_type=product&#038;p=11808"},"modified":"2024-02-28T12:09:34","modified_gmt":"2024-02-28T17:09:34","slug":"26th-metropolis-conference","status":"publish","type":"product","link":"https:\/\/metropolisconference.ca\/fr\/product\/26th-metropolis-conference\/","title":{"rendered":"26th Metropolis conference"},"content":{"rendered":"<p><strong>PLEASE PUT THE FIRST AND LAST NAMES AND EMAILS OF EACH REGISTRANT WHEN REGISTERING TO ENSURE THEY RECIEVED NECESSARY COMMUNICATIONS. THANK YOU. VEUILLEZ INDIQUER LE NOM, LE PR\u00c9NOM ET L&rsquo;ADRESSE \u00c9LECTRONIQUE DE CHAQUE PERSONNE INSCRITE LORS DE L&rsquo;INSCRIPTION AFIN DE VOUS ASSURER QU&rsquo;ELLE A BIEN RE\u00c7U LES COMMUNICATIONS N\u00c9CESSAIRES. NOUS VOUS REMERCIONS.<\/strong><\/p>\n","protected":false},"excerpt":{"rendered":"<p>PLEASE PUT THE FIRST AND LAST NAMES AND EMAILS OF EACH REGISTRANT WHEN REGISTERING TO ENSURE THEY RECIEVED NECESSARY COMMUNICATIONS. THANK YOU. VEUILLEZ INDIQUER LE NOM, LE PR\u00c9NOM ET L&rsquo;ADRESSE \u00c9LECTRONIQUE DE CHAQUE PERSONNE INSCRITE LORS DE L&rsquo;INSCRIPTION AFIN DE VOUS ASSURER QU&rsquo;ELLE A BIEN RE\u00c7U LES COMMUNICATIONS N\u00c9CESSAIRES. NOUS VOUS REMERCIONS.<\/p>\n","protected":false},"featured_media":0,"template":"","meta":{"_acf_changed":false},"product_cat":[66],"product_tag":[],"class_list":["post-11808","product","type-product","status-publish","hentry","product_cat-uncategorized","wcpa_has_options"],"acf":[],"wcpa_form_fields":null,"jetpack_sharing_enabled":true,"_links":{"self":[{"href":"https:\/\/metropolisconference.ca\/fr\/wp-json\/wp\/v2\/product\/11808","targetHints":{"allow":["GET"]}}],"collection":[{"href":"https:\/\/metropolisconference.ca\/fr\/wp-json\/wp\/v2\/product"}],"about":[{"href":"https:\/\/metropolisconference.ca\/fr\/wp-json\/wp\/v2\/types\/product"}],"wp:attachment":[{"href":"https:\/\/metropolisconference.ca\/fr\/wp-json\/wp\/v2\/media?parent=11808"}],"wp:term":[{"taxonomy":"product_cat","embeddable":true,"href":"https:\/\/metropolisconference.ca\/fr\/wp-json\/wp\/v2\/product_cat?post=11808"},{"taxonomy":"product_tag","embeddable":true,"href":"https:\/\/metropolisconference.ca\/fr\/wp-json\/wp\/v2\/product_tag?post=11808"}],"curies":[{"name":"wp","href":"https:\/\/api.w.org\/{rel}","templated":true}]}}