{"id":12269,"date":"2023-11-15T14:59:36","date_gmt":"2023-11-15T20:33:32","guid":{"rendered":"https:\/\/metropolisconference.ca\/?post_type=product&#038;p=12269"},"modified":"2023-11-21T10:57:40","modified_gmt":"2023-11-21T15:57:40","slug":"metropolis-francophonie-2024-fr","status":"publish","type":"product","link":"https:\/\/metropolisconference.ca\/fr\/product\/metropolis-francophonie-2024-fr\/","title":{"rendered":"Metropolis Francophonie Mondiale 2024"},"content":{"rendered":"","protected":false},"excerpt":{"rendered":"","protected":false},"featured_media":0,"template":"","meta":{"_acf_changed":false},"product_cat":[160],"product_tag":[],"class_list":["post-12269","product","type-product","status-publish","hentry","product_cat-non-categorise","wcpa_has_options"],"acf":[],"wcpa_form_fields":{"rules":{"pric_overide_base_price":false,"pric_overide_base_price_if_gt_zero":false,"pric_overide_base_price_fully":false,"pric_cal_option_once":false,"pric_use_as_fee":false,"bind_quantity":false,"quantity_bind_formula":false},"fields":[{"type":"textarea","elementId":"wcpa-textarea-6554e3ab3a885","label":"Informations d\u00e9taill\u00e9es de chaque participant","description":"Indiquez ici le nom, l'adresse \u00e9lectronique et l'organisation de chaque personne inscrite.","placeholder":"Nom, Adresse e-mail et Organisation de chaque participant.e","pricingType":"fixed","rows":"3","name":"textarea-6554e3ab3a8a3","cl_rule":"show","cl_val":"1","operator":"and","col":6,"relations":[{"operator":"and","rules":[{"operator":false,"rules":{"cl_field":"quantity","cl_relation":"is_not","cl_val":"1"}}]},{"operator":false,"rules":[]}],"form_id":12232,"form_rules":{"pric_cal_option_once":false,"exclude_from_discount":false,"pric_use_as_fee":false,"fee_label":"Fee","render_after_acb":false,"disp_hide_options_price":false}},{"type":"checkbox-group","required":true,"elementId":"wcpa-checkbox-group-6554e3ab3a8bd","label":"Veuillez confirmer que vous avez lu et accept\u00e9 la d\u00e9claration ci-dessous","priceOptions":"different_for_all","pricingType":"fixed","name":"checkbox-group-6554e3ab3a920","other_text":"Other","cl_rule":"show","col":6,"values":[{"label":"Je comprends qu'ACS\/Metropolis se r\u00e9serve le droit de capturer des images des sessions de la conf\u00e9rence, des pr\u00e9sentations et d'utiliser tout autre mat\u00e9riel partag\u00e9 pendant notre \u00e9v\u00e9nement \u00e0 des fins d'information et de promotion. ","value":"Je suis d'accord","price":"","pimage":"","pimage_id":"","pthumb":""}],"relations":false,"form_id":12232,"form_rules":{"pric_cal_option_once":false,"exclude_from_discount":false,"pric_use_as_fee":false,"fee_label":"Fee","render_after_acb":false,"disp_hide_options_price":false}}]},"jetpack_sharing_enabled":true,"_links":{"self":[{"href":"https:\/\/metropolisconference.ca\/fr\/wp-json\/wp\/v2\/product\/12269","targetHints":{"allow":["GET"]}}],"collection":[{"href":"https:\/\/metropolisconference.ca\/fr\/wp-json\/wp\/v2\/product"}],"about":[{"href":"https:\/\/metropolisconference.ca\/fr\/wp-json\/wp\/v2\/types\/product"}],"wp:attachment":[{"href":"https:\/\/metropolisconference.ca\/fr\/wp-json\/wp\/v2\/media?parent=12269"}],"wp:term":[{"taxonomy":"product_cat","embeddable":true,"href":"https:\/\/metropolisconference.ca\/fr\/wp-json\/wp\/v2\/product_cat?post=12269"},{"taxonomy":"product_tag","embeddable":true,"href":"https:\/\/metropolisconference.ca\/fr\/wp-json\/wp\/v2\/product_tag?post=12269"}],"curies":[{"name":"wp","href":"https:\/\/api.w.org\/{rel}","templated":true}]}}