{"id":14901,"date":"2024-05-29T11:44:22","date_gmt":"2024-05-29T15:44:23","guid":{"rendered":"https:\/\/metropolisconference.ca\/?post_type=product&#038;p=14901"},"modified":"2024-05-29T14:13:37","modified_gmt":"2024-05-29T18:13:37","slug":"25e-congres-metropolis-canada-copy-copy","status":"publish","type":"product","link":"https:\/\/metropolisconference.ca\/fr\/product\/25e-congres-metropolis-canada-copy-copy\/","title":{"rendered":"SOMMET DES AM\u00c9RIQUES DE METROPOLIS 2024"},"content":{"rendered":"","protected":false},"excerpt":{"rendered":"","protected":false},"featured_media":0,"template":"","meta":{"_acf_changed":false},"product_cat":[160],"product_tag":[],"class_list":["post-14901","product","type-product","status-publish","hentry","product_cat-non-categorise","wcpa_has_options"],"acf":[],"wcpa_form_fields":{"rules":{"pric_overide_base_price":false,"pric_overide_base_price_if_gt_zero":false,"pric_overide_base_price_fully":false,"pric_cal_option_once":false,"pric_use_as_fee":false,"bind_quantity":false,"quantity_bind_formula":false},"fields":[{"type":"checkbox-group","elementId":"wcpa-checkbox-group-66574ddb881aa","label":"Journ\u00e9e de participation (si vous avez choisi l'option 1 jour)","description":"Veuillez choisir la journ\u00e9e o\u00f9 vous assisterez au congr\u00e8s si vous avez choisi l'option 1 jour.","desc_type":true,"priceOptions":"different_for_all","pricingType":"fixed","name":"checkbox-group-66574ddb881c9","max_options":"1","other_text":"Other","cl_rule":"show","col":6,"values":[{"label":"Jeudi, 12 Decembre ","value":"december-12","price":"","pimage":"","pimage_id":"","pthumb":""},{"label":"Vendredi, 13 Decembre","value":"december-13","price":"","pimage":"","pimage_id":"","pthumb":""}],"relations":[],"form_id":14920,"form_rules":{"pric_cal_option_once":false,"exclude_from_discount":false,"pric_use_as_fee":false,"fee_label":"Fee","render_after_acb":false,"disp_hide_options_price":false}},{"type":"textarea","required":true,"elementId":"wcpa-textarea-66574ddb881d9","label":"Informations d\u00e9taill\u00e9es sur chaque participant","description":"Indiquez le nom, l'adresse courriel et l'organisation de chaque personne que vous inscrivez.","desc_type":true,"placeholder":"Nom, adresse courriel et organisation de chaque participant","pricingType":"fixed","rows":"3","name":"textarea-66574ddb881e2","cl_rule":"show","col":6,"relations":false,"form_id":14920,"form_rules":{"pric_cal_option_once":false,"exclude_from_discount":false,"pric_use_as_fee":false,"fee_label":"Fee","render_after_acb":false,"disp_hide_options_price":false}},{"type":"checkbox-group","required":true,"elementId":"wcpa-checkbox-group-66574ddb88203","label":"Veuillez confirmer que vous avez lu et que vous acceptez la d\u00e9claration ci-dessous.","priceOptions":"different_for_all","pricingType":"fixed","name":"checkbox-group-66574ddb8821a","other_text":"Other","cl_rule":"show","col":6,"values":[{"label":"Je comprends que AEC\/Metropolis se r\u00e9serve le droit de capturer des images des s\u00e9ances de la conf\u00e9rence, des pr\u00e9sentations et d'utiliser tout autre mat\u00e9riel partag\u00e9 pendant l'\u00e9v\u00e9nement \u00e0 des fins informatives et promotionnelles.  ","value":"accord","price":"","pimage":"","pimage_id":"","pthumb":""}],"relations":false,"form_id":14920,"form_rules":{"pric_cal_option_once":false,"exclude_from_discount":false,"pric_use_as_fee":false,"fee_label":"Fee","render_after_acb":false,"disp_hide_options_price":false}},{"type":"paragraph","subtype":"div","label":"No refunds for canceled registrations will be given after November, 20 2023.","elementId":"wcpa-paragraph-66574ddb8822a","pricingType":"fixed","cl_rule":"show","col":6,"relations":false,"form_id":14920,"form_rules":{"pric_cal_option_once":false,"exclude_from_discount":false,"pric_use_as_fee":false,"fee_label":"Fee","render_after_acb":false,"disp_hide_options_price":false}}]},"jetpack_sharing_enabled":true,"_links":{"self":[{"href":"https:\/\/metropolisconference.ca\/fr\/wp-json\/wp\/v2\/product\/14901","targetHints":{"allow":["GET"]}}],"collection":[{"href":"https:\/\/metropolisconference.ca\/fr\/wp-json\/wp\/v2\/product"}],"about":[{"href":"https:\/\/metropolisconference.ca\/fr\/wp-json\/wp\/v2\/types\/product"}],"wp:attachment":[{"href":"https:\/\/metropolisconference.ca\/fr\/wp-json\/wp\/v2\/media?parent=14901"}],"wp:term":[{"taxonomy":"product_cat","embeddable":true,"href":"https:\/\/metropolisconference.ca\/fr\/wp-json\/wp\/v2\/product_cat?post=14901"},{"taxonomy":"product_tag","embeddable":true,"href":"https:\/\/metropolisconference.ca\/fr\/wp-json\/wp\/v2\/product_tag?post=14901"}],"curies":[{"name":"wp","href":"https:\/\/api.w.org\/{rel}","templated":true}]}}