{"id":17186,"date":"2024-11-06T14:05:28","date_gmt":"2024-11-06T19:05:28","guid":{"rendered":"https:\/\/metropolisconference.ca\/?post_type=product&#038;p=17186"},"modified":"2024-11-06T14:05:28","modified_gmt":"2024-11-06T19:05:28","slug":"migrations-diasporas-et-etablissement","status":"publish","type":"product","link":"https:\/\/metropolisconference.ca\/fr\/product\/migrations-diasporas-et-etablissement\/","title":{"rendered":"Migrations, diasporas, et \u00e9tablissement"},"content":{"rendered":"","protected":false},"excerpt":{"rendered":"","protected":false},"featured_media":0,"template":"","meta":{"_acf_changed":false},"product_cat":[223],"product_tag":[],"class_list":["post-17186","product","type-product","status-publish","hentry","product_cat-metropolis-presents-fr","wcpa_has_options"],"acf":[],"wcpa_form_fields":{"rules":{"pric_overide_base_price":false,"pric_overide_base_price_if_gt_zero":false,"pric_overide_base_price_fully":false,"pric_cal_option_once":false,"pric_use_as_fee":false,"bind_quantity":false,"quantity_bind_formula":false},"fields":[{"type":"textarea","elementId":"wcpa-textarea-66d7504959bb3","label":"Informations d\u00e9taill\u00e9es de chaque participant","description":"Indiquez ici le nom, l'adresse \u00e9lectronique et l'organisation de chaque personne inscrite.","placeholder":"Nom, adresse courriel, et organisation ","pricingType":"fixed","rows":"3","name":"textarea-66d7504959bc8","cl_rule":"show","cl_val":"1","operator":"and","col":6,"relations":[{"operator":"and","rules":[{"operator":false,"rules":{"cl_field":"quantity","cl_relation":"is_not","cl_val":"1"}}]},{"operator":false,"rules":[]}],"form_id":17169,"form_rules":{"pric_cal_option_once":false,"exclude_from_discount":false,"pric_use_as_fee":false,"fee_label":"Fee","render_after_acb":false,"disp_hide_options_price":false}},{"type":"checkbox-group","required":true,"elementId":"wcpa-checkbox-group-66d7504959bd9","label":"Veuillez confirmer que vous avez lu et acceptez la d\u00e9claration ci-dessous.","priceOptions":"different_for_all","pricingType":"fixed","name":"checkbox-group-66d7504959bea","other_text":"Other","cl_rule":"show","col":6,"values":[{"label":"Je comprends que l'ACS\/Metropolis se r\u00e9serve le droit de capturer des images des sessions et des pr\u00e9sentations de la conf\u00e9rence et d'utiliser tout autre mat\u00e9riel partag\u00e9 lors de notre \u00e9v\u00e9nement \u00e0 des fins informatives et promotionnelles.","value":"agree","price":"","pimage":"","pimage_id":"","pthumb":""}],"relations":false,"form_id":17169,"form_rules":{"pric_cal_option_once":false,"exclude_from_discount":false,"pric_use_as_fee":false,"fee_label":"Fee","render_after_acb":false,"disp_hide_options_price":false}}]},"jetpack_sharing_enabled":true,"_links":{"self":[{"href":"https:\/\/metropolisconference.ca\/fr\/wp-json\/wp\/v2\/product\/17186","targetHints":{"allow":["GET"]}}],"collection":[{"href":"https:\/\/metropolisconference.ca\/fr\/wp-json\/wp\/v2\/product"}],"about":[{"href":"https:\/\/metropolisconference.ca\/fr\/wp-json\/wp\/v2\/types\/product"}],"wp:attachment":[{"href":"https:\/\/metropolisconference.ca\/fr\/wp-json\/wp\/v2\/media?parent=17186"}],"wp:term":[{"taxonomy":"product_cat","embeddable":true,"href":"https:\/\/metropolisconference.ca\/fr\/wp-json\/wp\/v2\/product_cat?post=17186"},{"taxonomy":"product_tag","embeddable":true,"href":"https:\/\/metropolisconference.ca\/fr\/wp-json\/wp\/v2\/product_tag?post=17186"}],"curies":[{"name":"wp","href":"https:\/\/api.w.org\/{rel}","templated":true}]}}