{"id":23979,"date":"2026-04-16T12:05:06","date_gmt":"2026-04-16T16:05:06","guid":{"rendered":"https:\/\/metropolisconference.ca\/?post_type=product&#038;p=23979"},"modified":"2026-04-16T12:54:52","modified_gmt":"2026-04-16T16:54:52","slug":"9e-sommet-identites-niagara-falls-2026","status":"publish","type":"product","link":"https:\/\/metropolisconference.ca\/fr\/product\/9e-sommet-identites-niagara-falls-2026\/","title":{"rendered":"9e Sommet identit\u00e9s \u2013 Niagara Falls 2026"},"content":{"rendered":"","protected":false},"excerpt":{"rendered":"","protected":false},"featured_media":0,"template":"","meta":{"_acf_changed":false},"product_cat":[160],"product_tag":[],"class_list":["post-23979","product","type-product","status-publish","hentry","product_cat-non-categorise","wcpa_has_options"],"acf":[],"wcpa_form_fields":{"rules":{"pric_overide_base_price":false,"pric_overide_base_price_if_gt_zero":false,"pric_overide_base_price_fully":false,"pric_cal_option_once":false,"pric_use_as_fee":false,"bind_quantity":false,"quantity_bind_formula":false},"fields":[{"type":"paragraph","subtype":"div","label":"Aucun remboursement ne sera accord\u00e9 pour les inscriptions annul\u00e9es apr\u00e8s le 30 septembre 2026.","elementId":"wcpa-paragraph-69d54a8a9c73d","pricingType":"fixed","cl_rule":"show","col":6,"relations":false,"form_id":23978,"form_rules":{"pric_cal_option_once":false,"exclude_from_discount":false,"pric_use_as_fee":false,"fee_label":"Fee","render_after_acb":false,"disp_hide_options_price":false}},{"type":"checkbox-group","required":true,"elementId":"wcpa-checkbox-group-69d54a8a9c722","label":"Journ\u00e9e de participation (si vous avez choisi l'inscription d'une journ\u00e9e)","priceOptions":"different_for_all","pricingType":"fixed","name":"checkbox-group-69d54a8a9c72b","min_options":"1","max_options":"1","other_text":"Other","enableCl":true,"cl_rule":"show","cl_val":"131","col":6,"values":[{"label":"Jeudi 22 octobre","value":"oct-22","price":"","pimage":"","pimage_id":"","pthumb":""},{"label":"Vendredi 23 octobre","value":"oct-23","price":"","pimage":"","pimage_id":"","pthumb":""}],"relations":[{"operator":false,"rules":[{"operator":false,"rules":{"cl_field":"attribute","cl_relation":"pa_event-length","cl_val":"one-day-fr"}}]}],"form_id":23978,"form_rules":{"pric_cal_option_once":false,"exclude_from_discount":false,"pric_use_as_fee":false,"fee_label":"Fee","render_after_acb":false,"disp_hide_options_price":false}},{"type":"separator","elementId":"wcpa-separator-1775586866550","cl_rule":"show","col":6,"relations":false,"form_id":23978,"form_rules":{"pric_cal_option_once":false,"exclude_from_discount":false,"pric_use_as_fee":false,"fee_label":"Fee","render_after_acb":false,"disp_hide_options_price":false}},{"type":"statictext","label":"Informations d\u00e9taill\u00e9es sur chaque participant.e (si vous inscrivez plusieurs personnes \u00e0 la fois)","elementId":"wcpa-statictext-69d54a8a9c743","pricingType":"fixed","cl_rule":"show","col":6,"relations":false,"form_id":23978,"form_rules":{"pric_cal_option_once":false,"exclude_from_discount":false,"pric_use_as_fee":false,"fee_label":"Fee","render_after_acb":false,"disp_hide_options_price":false}},{"type":"text","required":true,"elementId":"wcpa-text-69d54a8a9c747","label":"1. Pr\u00e9nom","pricingType":"fixed","name":"text-69d54a8a9c74b","subtype":"text","cl_rule":"show","col":"3","relations":false,"form_id":23978,"form_rules":{"pric_cal_option_once":false,"exclude_from_discount":false,"pric_use_as_fee":false,"fee_label":"Fee","render_after_acb":false,"disp_hide_options_price":false}},{"type":"text","required":true,"elementId":"wcpa-text-69d54a8a9c74f","label":"1. Nom","pricingType":"fixed","name":"text-69d54a8a9c753","subtype":"text","cl_rule":"show","col":"3","relations":false,"form_id":23978,"form_rules":{"pric_cal_option_once":false,"exclude_from_discount":false,"pric_use_as_fee":false,"fee_label":"Fee","render_after_acb":false,"disp_hide_options_price":false}},{"type":"text","required":true,"elementId":"wcpa-text-69d54a8a9c757","label":"1. Organisation","pricingType":"fixed","name":"text-69d54a8a9c75a","subtype":"text","cl_rule":"show","col":"3","relations":false,"form_id":23978,"form_rules":{"pric_cal_option_once":false,"exclude_from_discount":false,"pric_use_as_fee":false,"fee_label":"Fee","render_after_acb":false,"disp_hide_options_price":false}},{"type":"text","required":true,"elementId":"wcpa-text-69d54a8a9c75e","label":"1. Adresse courriel","pricingType":"fixed","name":"text-69d54a8a9c762","subtype":"text","cl_rule":"show","col":"3","relations":false,"form_id":23978,"form_rules":{"pric_cal_option_once":false,"exclude_from_discount":false,"pric_use_as_fee":false,"fee_label":"Fee","render_after_acb":false,"disp_hide_options_price":false}},{"type":"text","required":true,"elementId":"wcpa-text-69d54a8a9c765","label":"2. Pr\u00e9nom","pricingType":"fixed","name":"text-69d54a8a9c769","subtype":"text","enableCl":true,"cl_rule":"hide","cl_val":"2","col":"3","relations":[{"operator":false,"rules":[{"operator":false,"rules":{"cl_field":"quantity","cl_relation":"is_lessthan","cl_val":"2"}}]}],"form_id":23978,"form_rules":{"pric_cal_option_once":false,"exclude_from_discount":false,"pric_use_as_fee":false,"fee_label":"Fee","render_after_acb":false,"disp_hide_options_price":false}},{"type":"text","required":true,"elementId":"wcpa-text-69d54a8a9c76d","label":"2. Nom","pricingType":"fixed","name":"text-69d54a8a9c771","subtype":"text","enableCl":true,"cl_rule":"hide","cl_val":"2","col":"3","relations":[{"operator":false,"rules":[{"operator":false,"rules":{"cl_field":"quantity","cl_relation":"is_lessthan","cl_val":"2"}}]}],"form_id":23978,"form_rules":{"pric_cal_option_once":false,"exclude_from_discount":false,"pric_use_as_fee":false,"fee_label":"Fee","render_after_acb":false,"disp_hide_options_price":false}},{"type":"text","required":true,"elementId":"wcpa-text-69d54a8a9c775","label":"2. Organisation","pricingType":"fixed","name":"text-69d54a8a9c778","subtype":"text","enableCl":true,"cl_rule":"hide","cl_val":"2","col":"3","relations":[{"operator":false,"rules":[{"operator":false,"rules":{"cl_field":"quantity","cl_relation":"is_lessthan","cl_val":"2"}}]}],"form_id":23978,"form_rules":{"pric_cal_option_once":false,"exclude_from_discount":false,"pric_use_as_fee":false,"fee_label":"Fee","render_after_acb":false,"disp_hide_options_price":false}},{"type":"text","required":true,"elementId":"wcpa-text-69d54a8a9c77c","label":"2. Adresse courriel","pricingType":"fixed","name":"text-69d54a8a9c77f","subtype":"text","enableCl":true,"cl_rule":"hide","cl_val":"2","col":"3","relations":[{"operator":false,"rules":[{"operator":false,"rules":{"cl_field":"quantity","cl_relation":"is_lessthan","cl_val":"2"}}]}],"form_id":23978,"form_rules":{"pric_cal_option_once":false,"exclude_from_discount":false,"pric_use_as_fee":false,"fee_label":"Fee","render_after_acb":false,"disp_hide_options_price":false}},{"type":"text","required":true,"elementId":"wcpa-text-69d54a8a9c783","label":"3. Pr\u00e9nom","pricingType":"fixed","name":"text-69d54a8a9c787","subtype":"text","enableCl":true,"cl_rule":"hide","cl_val":"3","col":"3","relations":[{"operator":false,"rules":[{"operator":false,"rules":{"cl_field":"quantity","cl_relation":"is_lessthan","cl_val":"3"}}]}],"form_id":23978,"form_rules":{"pric_cal_option_once":false,"exclude_from_discount":false,"pric_use_as_fee":false,"fee_label":"Fee","render_after_acb":false,"disp_hide_options_price":false}},{"type":"text","required":true,"elementId":"wcpa-text-69d54a8a9c78a","label":"3. Nom","pricingType":"fixed","name":"text-69d54a8a9c78e","subtype":"text","enableCl":true,"cl_rule":"hide","cl_val":"3","col":"3","relations":[{"operator":false,"rules":[{"operator":false,"rules":{"cl_field":"quantity","cl_relation":"is_lessthan","cl_val":"3"}}]}],"form_id":23978,"form_rules":{"pric_cal_option_once":false,"exclude_from_discount":false,"pric_use_as_fee":false,"fee_label":"Fee","render_after_acb":false,"disp_hide_options_price":false}},{"type":"text","required":true,"elementId":"wcpa-text-69d54a8a9c851","label":"3. Organisation","pricingType":"fixed","name":"text-69d54a8a9c854","subtype":"text","enableCl":true,"cl_rule":"hide","cl_val":"3","col":"3","relations":[{"operator":false,"rules":[{"operator":false,"rules":{"cl_field":"quantity","cl_relation":"is_lessthan","cl_val":"3"}}]}],"form_id":23978,"form_rules":{"pric_cal_option_once":false,"exclude_from_discount":false,"pric_use_as_fee":false,"fee_label":"Fee","render_after_acb":false,"disp_hide_options_price":false}},{"type":"text","required":true,"elementId":"wcpa-text-69d54a8a9c858","label":"3. Adresse courriel","pricingType":"fixed","name":"text-69d54a8a9c85b","subtype":"text","enableCl":true,"cl_rule":"hide","cl_val":"3","col":"3","relations":[{"operator":false,"rules":[{"operator":false,"rules":{"cl_field":"quantity","cl_relation":"is_lessthan","cl_val":"3"}}]}],"form_id":23978,"form_rules":{"pric_cal_option_once":false,"exclude_from_discount":false,"pric_use_as_fee":false,"fee_label":"Fee","render_after_acb":false,"disp_hide_options_price":false}},{"type":"text","required":true,"elementId":"wcpa-text-69d54a8a9c85f","label":"4. Pr\u00e9nom","pricingType":"fixed","name":"text-69d54a8a9c863","subtype":"text","enableCl":true,"cl_rule":"hide","cl_val":"4","col":"3","relations":[{"operator":false,"rules":[{"operator":false,"rules":{"cl_field":"quantity","cl_relation":"is_lessthan","cl_val":"4"}}]}],"form_id":23978,"form_rules":{"pric_cal_option_once":false,"exclude_from_discount":false,"pric_use_as_fee":false,"fee_label":"Fee","render_after_acb":false,"disp_hide_options_price":false}},{"type":"text","required":true,"elementId":"wcpa-text-69d54a8a9c866","label":"4. Nom","pricingType":"fixed","name":"text-69d54a8a9c86a","subtype":"text","enableCl":true,"cl_rule":"hide","cl_val":"4","col":"3","relations":[{"operator":false,"rules":[{"operator":false,"rules":{"cl_field":"quantity","cl_relation":"is_lessthan","cl_val":"4"}}]}],"form_id":23978,"form_rules":{"pric_cal_option_once":false,"exclude_from_discount":false,"pric_use_as_fee":false,"fee_label":"Fee","render_after_acb":false,"disp_hide_options_price":false}},{"type":"text","required":true,"elementId":"wcpa-text-69d54a8a9c86e","label":"4. Organisation","pricingType":"fixed","name":"text-69d54a8a9c871","subtype":"text","enableCl":true,"cl_rule":"hide","cl_val":"4","col":"3","relations":[{"operator":false,"rules":[{"operator":false,"rules":{"cl_field":"quantity","cl_relation":"is_lessthan","cl_val":"4"}}]}],"form_id":23978,"form_rules":{"pric_cal_option_once":false,"exclude_from_discount":false,"pric_use_as_fee":false,"fee_label":"Fee","render_after_acb":false,"disp_hide_options_price":false}},{"type":"text","required":true,"elementId":"wcpa-text-69d54a8a9c875","label":"4. Adresse courriel","pricingType":"fixed","name":"text-69d54a8a9c878","subtype":"text","enableCl":true,"cl_rule":"hide","cl_val":"4","col":"3","relations":[{"operator":false,"rules":[{"operator":false,"rules":{"cl_field":"quantity","cl_relation":"is_lessthan","cl_val":"4"}}]}],"form_id":23978,"form_rules":{"pric_cal_option_once":false,"exclude_from_discount":false,"pric_use_as_fee":false,"fee_label":"Fee","render_after_acb":false,"disp_hide_options_price":false}},{"type":"text","required":true,"elementId":"wcpa-text-69d54a8a9c87c","label":"5. Pr\u00e9nom","pricingType":"fixed","name":"text-69d54a8a9c880","subtype":"text","enableCl":true,"cl_rule":"hide","cl_val":"5","col":"3","relations":[{"operator":false,"rules":[{"operator":false,"rules":{"cl_field":"quantity","cl_relation":"is_lessthan","cl_val":"5"}}]}],"form_id":23978,"form_rules":{"pric_cal_option_once":false,"exclude_from_discount":false,"pric_use_as_fee":false,"fee_label":"Fee","render_after_acb":false,"disp_hide_options_price":false}},{"type":"text","required":true,"elementId":"wcpa-text-69d54a8a9c883","label":"5. Nom","pricingType":"fixed","name":"text-69d54a8a9c887","subtype":"text","enableCl":true,"cl_rule":"hide","cl_val":"5","col":"3","relations":[{"operator":false,"rules":[{"operator":false,"rules":{"cl_field":"quantity","cl_relation":"is_lessthan","cl_val":"5"}}]}],"form_id":23978,"form_rules":{"pric_cal_option_once":false,"exclude_from_discount":false,"pric_use_as_fee":false,"fee_label":"Fee","render_after_acb":false,"disp_hide_options_price":false}},{"type":"text","required":true,"elementId":"wcpa-text-69d54a8a9c88a","label":"5. Organisation","pricingType":"fixed","name":"text-69d54a8a9c88e","subtype":"text","enableCl":true,"cl_rule":"hide","cl_val":"5","col":"3","relations":[{"operator":false,"rules":[{"operator":false,"rules":{"cl_field":"quantity","cl_relation":"is_lessthan","cl_val":"5"}}]}],"form_id":23978,"form_rules":{"pric_cal_option_once":false,"exclude_from_discount":false,"pric_use_as_fee":false,"fee_label":"Fee","render_after_acb":false,"disp_hide_options_price":false}},{"type":"text","required":true,"elementId":"wcpa-text-69d54a8a9c892","label":"5. Adresse courriel","pricingType":"fixed","name":"text-69d54a8a9c895","subtype":"text","enableCl":true,"cl_rule":"hide","cl_val":"5","col":"3","relations":[{"operator":false,"rules":[{"operator":false,"rules":{"cl_field":"quantity","cl_relation":"is_lessthan","cl_val":"5"}}]}],"form_id":23978,"form_rules":{"pric_cal_option_once":false,"exclude_from_discount":false,"pric_use_as_fee":false,"fee_label":"Fee","render_after_acb":false,"disp_hide_options_price":false}},{"type":"text","required":true,"elementId":"wcpa-text-69d54a8a9c899","label":"6. Pr\u00e9nom","pricingType":"fixed","name":"text-69d54a8a9c89c","subtype":"text","enableCl":true,"cl_rule":"hide","cl_val":"6","col":"3","relations":[{"operator":false,"rules":[{"operator":false,"rules":{"cl_field":"quantity","cl_relation":"is_lessthan","cl_val":"6"}}]}],"form_id":23978,"form_rules":{"pric_cal_option_once":false,"exclude_from_discount":false,"pric_use_as_fee":false,"fee_label":"Fee","render_after_acb":false,"disp_hide_options_price":false}},{"type":"text","required":true,"elementId":"wcpa-text-69d54a8a9c8a0","label":"6. Nom","pricingType":"fixed","name":"text-69d54a8a9c8a4","subtype":"text","enableCl":true,"cl_rule":"hide","cl_val":"6","col":"3","relations":[{"operator":false,"rules":[{"operator":false,"rules":{"cl_field":"quantity","cl_relation":"is_lessthan","cl_val":"6"}}]}],"form_id":23978,"form_rules":{"pric_cal_option_once":false,"exclude_from_discount":false,"pric_use_as_fee":false,"fee_label":"Fee","render_after_acb":false,"disp_hide_options_price":false}},{"type":"text","required":true,"elementId":"wcpa-text-69d54a8a9c8a7","label":"6. Organisation","pricingType":"fixed","name":"text-69d54a8a9c8ab","subtype":"text","enableCl":true,"cl_rule":"hide","cl_val":"6","col":"3","relations":[{"operator":false,"rules":[{"operator":false,"rules":{"cl_field":"quantity","cl_relation":"is_lessthan","cl_val":"6"}}]}],"form_id":23978,"form_rules":{"pric_cal_option_once":false,"exclude_from_discount":false,"pric_use_as_fee":false,"fee_label":"Fee","render_after_acb":false,"disp_hide_options_price":false}},{"type":"text","required":true,"elementId":"wcpa-text-69d54a8a9c8ae","label":"6. Adresse courriel","pricingType":"fixed","name":"text-69d54a8a9c8b2","subtype":"text","enableCl":true,"cl_rule":"hide","cl_val":"6","col":"3","relations":[{"operator":false,"rules":[{"operator":false,"rules":{"cl_field":"quantity","cl_relation":"is_lessthan","cl_val":"6"}}]}],"form_id":23978,"form_rules":{"pric_cal_option_once":false,"exclude_from_discount":false,"pric_use_as_fee":false,"fee_label":"Fee","render_after_acb":false,"disp_hide_options_price":false}},{"type":"text","required":true,"elementId":"wcpa-text-69d54a8a9c8b5","label":"7. Pr\u00e9nom","pricingType":"fixed","name":"text-69d54a8a9c8b9","subtype":"text","enableCl":true,"cl_rule":"hide","cl_val":"7","col":"3","relations":[{"operator":false,"rules":[{"operator":false,"rules":{"cl_field":"quantity","cl_relation":"is_lessthan","cl_val":"7"}}]}],"form_id":23978,"form_rules":{"pric_cal_option_once":false,"exclude_from_discount":false,"pric_use_as_fee":false,"fee_label":"Fee","render_after_acb":false,"disp_hide_options_price":false}},{"type":"text","required":true,"elementId":"wcpa-text-69d54a8a9c8bd","label":"7. Nom","pricingType":"fixed","name":"text-69d54a8a9c8c0","subtype":"text","enableCl":true,"cl_rule":"hide","cl_val":"7","col":"3","relations":[{"operator":false,"rules":[{"operator":false,"rules":{"cl_field":"quantity","cl_relation":"is_lessthan","cl_val":"7"}}]}],"form_id":23978,"form_rules":{"pric_cal_option_once":false,"exclude_from_discount":false,"pric_use_as_fee":false,"fee_label":"Fee","render_after_acb":false,"disp_hide_options_price":false}},{"type":"text","required":true,"elementId":"wcpa-text-69d54a8a9c8c4","label":"7. Organisation","pricingType":"fixed","name":"text-69d54a8a9c8c7","subtype":"text","enableCl":true,"cl_rule":"hide","cl_val":"7","col":"3","relations":[{"operator":false,"rules":[{"operator":false,"rules":{"cl_field":"quantity","cl_relation":"is_lessthan","cl_val":"7"}}]}],"form_id":23978,"form_rules":{"pric_cal_option_once":false,"exclude_from_discount":false,"pric_use_as_fee":false,"fee_label":"Fee","render_after_acb":false,"disp_hide_options_price":false}},{"type":"text","required":true,"elementId":"wcpa-text-69d54a8a9c8cb","label":"7. Adresse courriel","pricingType":"fixed","name":"text-69d54a8a9c8cf","subtype":"text","enableCl":true,"cl_rule":"hide","cl_val":"7","col":"3","relations":[{"operator":false,"rules":[{"operator":false,"rules":{"cl_field":"quantity","cl_relation":"is_lessthan","cl_val":"7"}}]}],"form_id":23978,"form_rules":{"pric_cal_option_once":false,"exclude_from_discount":false,"pric_use_as_fee":false,"fee_label":"Fee","render_after_acb":false,"disp_hide_options_price":false}},{"type":"text","required":true,"elementId":"wcpa-text-69d54a8a9c8d2","label":"8. Pr\u00e9nom","pricingType":"fixed","name":"text-69d54a8a9c8d7","subtype":"text","enableCl":true,"cl_rule":"hide","cl_val":"8","col":"3","relations":[{"operator":false,"rules":[{"operator":false,"rules":{"cl_field":"quantity","cl_relation":"is_lessthan","cl_val":"8"}}]}],"form_id":23978,"form_rules":{"pric_cal_option_once":false,"exclude_from_discount":false,"pric_use_as_fee":false,"fee_label":"Fee","render_after_acb":false,"disp_hide_options_price":false}},{"type":"text","required":true,"elementId":"wcpa-text-69d54a8a9c8da","label":"8. Nom","pricingType":"fixed","name":"text-69d54a8a9c8de","subtype":"text","enableCl":true,"cl_rule":"hide","cl_val":"8","col":"3","relations":[{"operator":false,"rules":[{"operator":false,"rules":{"cl_field":"quantity","cl_relation":"is_lessthan","cl_val":"8"}}]}],"form_id":23978,"form_rules":{"pric_cal_option_once":false,"exclude_from_discount":false,"pric_use_as_fee":false,"fee_label":"Fee","render_after_acb":false,"disp_hide_options_price":false}},{"type":"text","required":true,"elementId":"wcpa-text-69d54a8a9c8e1","label":"8. Organisation","pricingType":"fixed","name":"text-69d54a8a9c8e5","subtype":"text","enableCl":true,"cl_rule":"hide","cl_val":"8","col":"3","relations":[{"operator":false,"rules":[{"operator":false,"rules":{"cl_field":"quantity","cl_relation":"is_lessthan","cl_val":"8"}}]}],"form_id":23978,"form_rules":{"pric_cal_option_once":false,"exclude_from_discount":false,"pric_use_as_fee":false,"fee_label":"Fee","render_after_acb":false,"disp_hide_options_price":false}},{"type":"text","required":true,"elementId":"wcpa-text-69d54a8a9c8e9","label":"8. Adresse courriel","pricingType":"fixed","name":"text-69d54a8a9c8ec","subtype":"text","enableCl":true,"cl_rule":"hide","cl_val":"8","col":"3","relations":[{"operator":false,"rules":[{"operator":false,"rules":{"cl_field":"quantity","cl_relation":"is_lessthan","cl_val":"8"}}]}],"form_id":23978,"form_rules":{"pric_cal_option_once":false,"exclude_from_discount":false,"pric_use_as_fee":false,"fee_label":"Fee","render_after_acb":false,"disp_hide_options_price":false}},{"type":"text","required":true,"elementId":"wcpa-text-69d54a8a9c8f0","label":"9. Pr\u00e9nom","pricingType":"fixed","name":"text-69d54a8a9c8f4","subtype":"text","enableCl":true,"cl_rule":"hide","cl_val":"9","col":"3","relations":[{"operator":false,"rules":[{"operator":false,"rules":{"cl_field":"quantity","cl_relation":"is_lessthan","cl_val":"9"}}]}],"form_id":23978,"form_rules":{"pric_cal_option_once":false,"exclude_from_discount":false,"pric_use_as_fee":false,"fee_label":"Fee","render_after_acb":false,"disp_hide_options_price":false}},{"type":"text","required":true,"elementId":"wcpa-text-69d54a8a9c8f7","label":"9. Nom","pricingType":"fixed","name":"text-69d54a8a9c8fb","subtype":"text","enableCl":true,"cl_rule":"hide","cl_val":"9","col":"3","relations":[{"operator":false,"rules":[{"operator":false,"rules":{"cl_field":"quantity","cl_relation":"is_lessthan","cl_val":"9"}}]}],"form_id":23978,"form_rules":{"pric_cal_option_once":false,"exclude_from_discount":false,"pric_use_as_fee":false,"fee_label":"Fee","render_after_acb":false,"disp_hide_options_price":false}},{"type":"text","required":true,"elementId":"wcpa-text-69d54a8a9c8fe","label":"9. Organisation","pricingType":"fixed","name":"text-69d54a8a9c902","subtype":"text","enableCl":true,"cl_rule":"hide","cl_val":"9","col":"3","relations":[{"operator":false,"rules":[{"operator":false,"rules":{"cl_field":"quantity","cl_relation":"is_lessthan","cl_val":"9"}}]}],"form_id":23978,"form_rules":{"pric_cal_option_once":false,"exclude_from_discount":false,"pric_use_as_fee":false,"fee_label":"Fee","render_after_acb":false,"disp_hide_options_price":false}},{"type":"text","required":true,"elementId":"wcpa-text-69d54a8a9c905","label":"9. Adresse courriel","pricingType":"fixed","name":"text-69d54a8a9c909","subtype":"text","enableCl":true,"cl_rule":"hide","cl_val":"9","col":"3","relations":[{"operator":false,"rules":[{"operator":false,"rules":{"cl_field":"quantity","cl_relation":"is_lessthan","cl_val":"9"}}]}],"form_id":23978,"form_rules":{"pric_cal_option_once":false,"exclude_from_discount":false,"pric_use_as_fee":false,"fee_label":"Fee","render_after_acb":false,"disp_hide_options_price":false}},{"type":"text","required":true,"elementId":"wcpa-text-69d54a8a9c90c","label":"10. Pr\u00e9nom","pricingType":"fixed","name":"text-69d54a8a9c910","subtype":"text","enableCl":true,"cl_rule":"hide","cl_val":"10","col":"3","relations":[{"operator":false,"rules":[{"operator":false,"rules":{"cl_field":"quantity","cl_relation":"is_lessthan","cl_val":"10"}}]}],"form_id":23978,"form_rules":{"pric_cal_option_once":false,"exclude_from_discount":false,"pric_use_as_fee":false,"fee_label":"Fee","render_after_acb":false,"disp_hide_options_price":false}},{"type":"text","required":true,"elementId":"wcpa-text-69d54a8a9c914","label":"10. Nom","pricingType":"fixed","name":"text-69d54a8a9c917","subtype":"text","enableCl":true,"cl_rule":"hide","cl_val":"10","col":"3","relations":[{"operator":false,"rules":[{"operator":false,"rules":{"cl_field":"quantity","cl_relation":"is_lessthan","cl_val":"10"}}]}],"form_id":23978,"form_rules":{"pric_cal_option_once":false,"exclude_from_discount":false,"pric_use_as_fee":false,"fee_label":"Fee","render_after_acb":false,"disp_hide_options_price":false}},{"type":"text","required":true,"elementId":"wcpa-text-69d54a8a9c91b","label":"10. Organisation","pricingType":"fixed","name":"text-69d54a8a9c91e","subtype":"text","enableCl":true,"cl_rule":"hide","cl_val":"10","col":"3","relations":[{"operator":false,"rules":[{"operator":false,"rules":{"cl_field":"quantity","cl_relation":"is_lessthan","cl_val":"10"}}]}],"form_id":23978,"form_rules":{"pric_cal_option_once":false,"exclude_from_discount":false,"pric_use_as_fee":false,"fee_label":"Fee","render_after_acb":false,"disp_hide_options_price":false}},{"type":"text","required":true,"elementId":"wcpa-text-69d54a8a9c922","label":"10. Adresse courriel","pricingType":"fixed","name":"text-69d54a8a9c926","subtype":"text","enableCl":true,"cl_rule":"hide","cl_val":"10","col":"3","relations":[{"operator":false,"rules":[{"operator":false,"rules":{"cl_field":"quantity","cl_relation":"is_lessthan","cl_val":"10"}}]}],"form_id":23978,"form_rules":{"pric_cal_option_once":false,"exclude_from_discount":false,"pric_use_as_fee":false,"fee_label":"Fee","render_after_acb":false,"disp_hide_options_price":false}},{"type":"text","elementId":"wcpa-text-69d54a8a9c929","label":"Autres noms et adresses e-mail des personnes inscrites","description":"Si vous inscrivez plus de 10 personnes, veuillez indiquer ici les noms ET adresses e-mail suppl\u00e9mentaires.","pricingType":"fixed","name":"text-69d54a8a9c943","subtype":"text","enableCl":true,"cl_rule":"hide","cl_val":"11","col":6,"relations":[{"operator":false,"rules":[{"operator":false,"rules":{"cl_field":"quantity","cl_relation":"is_lessthan","cl_val":"11"}}]}],"form_id":23978,"form_rules":{"pric_cal_option_once":false,"exclude_from_discount":false,"pric_use_as_fee":false,"fee_label":"Fee","render_after_acb":false,"disp_hide_options_price":false}},{"type":"separator","elementId":"wcpa-separator-1775586877297","cl_rule":"show","col":6,"relations":false,"form_id":23978,"form_rules":{"pric_cal_option_once":false,"exclude_from_discount":false,"pric_use_as_fee":false,"fee_label":"Fee","render_after_acb":false,"disp_hide_options_price":false}},{"type":"checkbox-group","required":true,"elementId":"wcpa-checkbox-group-69d54a8a9c732","label":"Veuillez confirmer que vous avez lu et accept\u00e9 la d\u00e9claration ci-dessous","priceOptions":"different_for_all","pricingType":"fixed","name":"checkbox-group-69d54a8a9c738","other_text":"Other","cl_rule":"show","col":6,"values":[{"label":"Je comprends que l'Institut Metropolis se r\u00e9serve le droit de filmer les s\u00e9ances et les pr\u00e9sentations du congr\u00e8s, ainsi que d'utiliser tout autre contenu partag\u00e9 au cours de notre \u00e9v\u00e9nement \u00e0 des fins d'information et de promotion","value":"agree","price":"","pimage":"","pimage_id":"","pthumb":""}],"relations":false,"form_id":23978,"form_rules":{"pric_cal_option_once":false,"exclude_from_discount":false,"pric_use_as_fee":false,"fee_label":"Fee","render_after_acb":false,"disp_hide_options_price":false}},{"type":"checkbox-group","required":true,"elementId":"wcpa-checkbox-group-1776353969847","label":"Veuillez confirmer que vous avez lu et accept\u00e9 la d\u00e9claration ci-dessous","priceOptions":"different_for_all","pricingType":"fixed","name":"checkbox-group-1776353969846","other_text":"Other","cl_rule":"show","col":6,"values":[{"label":"En m'inscrivant \u00e0 cet \u00e9v\u00e9nement, j'accepte que mon adresse e-mail soit ajout\u00e9e \u00e0 toutes les listes de diffusion li\u00e9es \u00e0 cet \u00e9v\u00e9nement, ainsi qu'\u00e0 la newsletter mensuelle du Metropolis Institute.","value":"agree","price":"","pimage":"","pimage_id":"","pthumb":""}],"relations":false,"form_id":23978,"form_rules":{"pric_cal_option_once":false,"exclude_from_discount":false,"pric_use_as_fee":false,"fee_label":"Fee","render_after_acb":false,"disp_hide_options_price":false}}]},"jetpack_sharing_enabled":true,"_links":{"self":[{"href":"https:\/\/metropolisconference.ca\/fr\/wp-json\/wp\/v2\/product\/23979","targetHints":{"allow":["GET"]}}],"collection":[{"href":"https:\/\/metropolisconference.ca\/fr\/wp-json\/wp\/v2\/product"}],"about":[{"href":"https:\/\/metropolisconference.ca\/fr\/wp-json\/wp\/v2\/types\/product"}],"wp:attachment":[{"href":"https:\/\/metropolisconference.ca\/fr\/wp-json\/wp\/v2\/media?parent=23979"}],"wp:term":[{"taxonomy":"product_cat","embeddable":true,"href":"https:\/\/metropolisconference.ca\/fr\/wp-json\/wp\/v2\/product_cat?post=23979"},{"taxonomy":"product_tag","embeddable":true,"href":"https:\/\/metropolisconference.ca\/fr\/wp-json\/wp\/v2\/product_tag?post=23979"}],"curies":[{"name":"wp","href":"https:\/\/api.w.org\/{rel}","templated":true}]}}