{"id":2723,"date":"2020-03-06T17:05:52","date_gmt":"2020-03-06T22:27:20","guid":{"rendered":"https:\/\/metropolisconference.ca\/?post_type=product&#038;p=2723"},"modified":"2020-03-10T14:05:20","modified_gmt":"2020-03-10T19:05:20","slug":"metropolis-francophonie-mondiale","status":"publish","type":"product","link":"https:\/\/metropolisconference.ca\/fr\/product\/metropolis-francophonie-mondiale\/","title":{"rendered":"Metropolis Francophonie Mondiale"},"content":{"rendered":"","protected":false},"excerpt":{"rendered":"","protected":false},"featured_media":0,"template":"","meta":{"_acf_changed":false},"product_cat":[175],"product_tag":[],"class_list":["post-2723","product","type-product","status-publish","hentry","product_cat-metropolis-francophonie-fr","wcpa_has_options"],"acf":[],"wcpa_form_fields":{"rules":{"pric_overide_base_price":false,"pric_overide_base_price_if_gt_zero":false,"pric_overide_base_price_fully":false,"pric_cal_option_once":false,"pric_use_as_fee":false,"bind_quantity":false,"quantity_bind_formula":false},"fields":[{"type":"textarea","elementId":"wcpa-textarea-6554e3ab3a885","label":"Informations d\u00e9taill\u00e9es de chaque participant","description":"Indiquez ici le nom, l'adresse \u00e9lectronique et l'organisation de chaque personne inscrite.","placeholder":"Nom, Adresse e-mail et Organisation de chaque participant.e","pricingType":"fixed","rows":"3","name":"textarea-6554e3ab3a8a3","cl_rule":"show","cl_val":"1","operator":"and","col":6,"relations":[{"operator":"and","rules":[{"operator":false,"rules":{"cl_field":"quantity","cl_relation":"is_not","cl_val":"1"}}]},{"operator":false,"rules":[]}],"form_id":12232,"form_rules":{"pric_cal_option_once":false,"exclude_from_discount":false,"pric_use_as_fee":false,"fee_label":"Fee","render_after_acb":false,"disp_hide_options_price":false}},{"type":"checkbox-group","required":true,"elementId":"wcpa-checkbox-group-6554e3ab3a8bd","label":"Veuillez confirmer que vous avez lu et accept\u00e9 la d\u00e9claration ci-dessous","priceOptions":"different_for_all","pricingType":"fixed","name":"checkbox-group-6554e3ab3a920","other_text":"Other","cl_rule":"show","col":6,"values":[{"label":"Je comprends qu'ACS\/Metropolis se r\u00e9serve le droit de capturer des images des sessions de la conf\u00e9rence, des pr\u00e9sentations et d'utiliser tout autre mat\u00e9riel partag\u00e9 pendant notre \u00e9v\u00e9nement \u00e0 des fins d'information et de promotion. ","value":"Je suis d'accord","price":"","pimage":"","pimage_id":"","pthumb":""}],"relations":false,"form_id":12232,"form_rules":{"pric_cal_option_once":false,"exclude_from_discount":false,"pric_use_as_fee":false,"fee_label":"Fee","render_after_acb":false,"disp_hide_options_price":false}},{"type":"textarea","elementId":"wcpa-textarea-60f0a1470c5be","label":"Informations d\u00e9taill\u00e9es sur chaque participant","description":"Indiquez le nom, l'adresse courriel et l'organisation de chaque personne que vous inscrivez.","placeholder":"Nom, adresse courriel et organisation de chaque participant","pricingType":"fixed","rows":"3","name":"textarea-60f0a1470c5c8","cl_rule":"show","cl_val":"1","operator":"and","col":6,"relations":[{"operator":"and","rules":[{"operator":false,"rules":{"cl_field":"quantity","cl_relation":"is_not","cl_val":"1"}}]},{"operator":false,"rules":[]}],"form_id":3560,"form_rules":{"pric_cal_option_once":false,"exclude_from_discount":false,"pric_use_as_fee":false,"fee_label":"Fee","render_after_acb":false,"disp_hide_options_price":false}},{"type":"checkbox-group","required":true,"elementId":"wcpa-checkbox-group-60f0a1470c5d1","label":"Veuillez confirmer que vous avez lu et que vous acceptez la d\u00e9claration ci-dessous.","priceOptions":"different_for_all","pricingType":"fixed","name":"checkbox-group-60f0a1470c5d8","other_text":"Other","cl_rule":"show","col":6,"values":[{"label":"Je comprends que AEC\/Metropolis se r\u00e9serve le droit de capturer des images des s\u00e9ances de la conf\u00e9rence, des pr\u00e9sentations et d'utiliser tout autre mat\u00e9riel partag\u00e9 pendant l'\u00e9v\u00e9nement \u00e0 des fins informatives et promotionnelles.  ","value":"accord","price":"","pimage":"","pimage_id":"","pthumb":""}],"relations":false,"form_id":3560,"form_rules":{"pric_cal_option_once":false,"exclude_from_discount":false,"pric_use_as_fee":false,"fee_label":"Fee","render_after_acb":false,"disp_hide_options_price":false}}]},"jetpack_sharing_enabled":true,"_links":{"self":[{"href":"https:\/\/metropolisconference.ca\/fr\/wp-json\/wp\/v2\/product\/2723","targetHints":{"allow":["GET"]}}],"collection":[{"href":"https:\/\/metropolisconference.ca\/fr\/wp-json\/wp\/v2\/product"}],"about":[{"href":"https:\/\/metropolisconference.ca\/fr\/wp-json\/wp\/v2\/types\/product"}],"wp:attachment":[{"href":"https:\/\/metropolisconference.ca\/fr\/wp-json\/wp\/v2\/media?parent=2723"}],"wp:term":[{"taxonomy":"product_cat","embeddable":true,"href":"https:\/\/metropolisconference.ca\/fr\/wp-json\/wp\/v2\/product_cat?post=2723"},{"taxonomy":"product_tag","embeddable":true,"href":"https:\/\/metropolisconference.ca\/fr\/wp-json\/wp\/v2\/product_tag?post=2723"}],"curies":[{"name":"wp","href":"https:\/\/api.w.org\/{rel}","templated":true}]}}