{"id":3229,"date":"2021-05-12T15:40:00","date_gmt":"2021-05-12T21:02:04","guid":{"rendered":"https:\/\/metropolisconference.ca\/?post_type=product&#038;p=3229"},"modified":"2021-05-14T09:27:57","modified_gmt":"2021-05-14T14:27:57","slug":"cihr-conference-fr","status":"publish","type":"product","link":"https:\/\/metropolisconference.ca\/fr\/product\/cihr-conference-fr\/","title":{"rendered":"Passe &#8211; Forum sur les politiques migratoires MNA"},"content":{"rendered":"","protected":false},"excerpt":{"rendered":"<p>Cette passe vous donne acc\u00e8s aux deux jours du Forum \u00ab\u00a0L&rsquo;impact de la COVID-19 sur la migration et les fronti\u00e8res au Canada, aux \u00c9tats-Unis et au Mexique\u00a0\u00bb qui aura lieu en ligne du 28 au 29 juin 2021.<\/p>\n","protected":false},"featured_media":0,"template":"","meta":{"_acf_changed":false},"product_cat":[159],"product_tag":[],"class_list":["post-3229","product","type-product","status-publish","hentry","product_cat-metropolis_north_america-fr","wcpa_has_options"],"acf":[],"wcpa_form_fields":{"rules":{"pric_overide_base_price":false,"pric_overide_base_price_if_gt_zero":false,"pric_overide_base_price_fully":false,"pric_cal_option_once":false,"pric_use_as_fee":false,"bind_quantity":false,"quantity_bind_formula":false},"fields":[{"type":"textarea","elementId":"wcpa-textarea-630e7445c252d","label":"Informations d\u00e9taill\u00e9es sur chaque participant","description":"Indiquez le nom, l'adresse courriel et l'organisation de chaque personne que vous inscrivez.","desc_type":true,"placeholder":"Nom, adresse courriel et organisation de chaque participant","pricingType":"fixed","rows":"3","name":"textarea-630e7445c2568","mapToCheckoutFieldParent":"billing","mapToCheckoutField":"billing_first_name","cl_rule":"show","col":6,"relations":false,"form_id":7063,"form_rules":{"pric_cal_option_once":false,"exclude_from_discount":false,"pric_use_as_fee":false,"fee_label":"Fee","render_after_acb":false,"disp_hide_options_price":false}},{"type":"checkbox-group","required":true,"elementId":"wcpa-checkbox-group-1667501500694","label":"Voulez-vous vous inscrire \u00e0 la visite de la fronti\u00e8re du vendredi apr\u00e8s-midi ? (GRATUIT)","priceOptions":"different_for_all","pricingType":"fixed","name":"checkbox-group-1667501500694","other_text":"Other","cl_rule":"show","col":6,"values":[{"label":"Oui, je veux participer","value":"oui","price":"","pimage":"","pimage_id":"","pthumb":""},{"label":"Non, je ne veux pas participer","value":"non","price":"","pimage":"","pimage_id":"","pthumb":""}],"relations":false,"form_id":7063,"form_rules":{"pric_cal_option_once":false,"exclude_from_discount":false,"pric_use_as_fee":false,"fee_label":"Fee","render_after_acb":false,"disp_hide_options_price":false}},{"type":"checkbox-group","required":true,"elementId":"wcpa-checkbox-group-630e7445c257f","label":"Veuillez confirmer que vous avez lu et que vous acceptez la d\u00e9claration ci-dessous.","priceOptions":"different_for_all","pricingType":"fixed","name":"checkbox-group-630e7445c258f","other_text":"Other","cl_rule":"show","col":6,"values":[{"label":"Je comprends que AEC\/Metropolis se r\u00e9serve le droit de capturer des images des s\u00e9ances de la conf\u00e9rence, des pr\u00e9sentations et d'utiliser tout autre mat\u00e9riel partag\u00e9 pendant l'\u00e9v\u00e9nement \u00e0 des fins informatives et promotionnelles.  ","value":"accord","price":"","pimage":"","pimage_id":"","pthumb":""}],"relations":false,"form_id":7063,"form_rules":{"pric_cal_option_once":false,"exclude_from_discount":false,"pric_use_as_fee":false,"fee_label":"Fee","render_after_acb":false,"disp_hide_options_price":false}},{"type":"textarea","elementId":"wcpa-textarea-61faa82e8e5a1","label":"Informations d\u00e9taill\u00e9es sur chaque participant","description":"Indiquez le nom, l'adresse courriel et l'organisation de chaque personne que vous inscrivez.","desc_type":true,"placeholder":"Nom, adresse courriel et organisation de chaque participant","pricingType":"fixed","rows":"3","name":"textarea-61faa82e8e5a7","mapToCheckoutFieldParent":"billing","mapToCheckoutField":"billing_first_name","cl_rule":"show","col":6,"relations":false,"form_id":5066,"form_rules":{"pric_cal_option_once":false,"exclude_from_discount":false,"pric_use_as_fee":false,"fee_label":"Fee","render_after_acb":false,"disp_hide_options_price":false}},{"type":"checkbox-group","required":true,"elementId":"wcpa-checkbox-group-61faa82e8e5ae","label":"Veuillez confirmer que vous avez lu et que vous acceptez la d\u00e9claration ci-dessous.","priceOptions":"different_for_all","pricingType":"fixed","name":"checkbox-group-61faa82e8e5b5","other_text":"Other","cl_rule":"show","col":6,"values":[{"label":"Je comprends que AEC\/Metropolis se r\u00e9serve le droit de capturer des images des s\u00e9ances de la conf\u00e9rence, des pr\u00e9sentations et d'utiliser tout autre mat\u00e9riel partag\u00e9 pendant l'\u00e9v\u00e9nement \u00e0 des fins informatives et promotionnelles.  ","value":"accord","price":"","pimage":"","pimage_id":"","pthumb":""}],"relations":false,"form_id":5066,"form_rules":{"pric_cal_option_once":false,"exclude_from_discount":false,"pric_use_as_fee":false,"fee_label":"Fee","render_after_acb":false,"disp_hide_options_price":false}}]},"jetpack_sharing_enabled":true,"_links":{"self":[{"href":"https:\/\/metropolisconference.ca\/fr\/wp-json\/wp\/v2\/product\/3229","targetHints":{"allow":["GET"]}}],"collection":[{"href":"https:\/\/metropolisconference.ca\/fr\/wp-json\/wp\/v2\/product"}],"about":[{"href":"https:\/\/metropolisconference.ca\/fr\/wp-json\/wp\/v2\/types\/product"}],"wp:attachment":[{"href":"https:\/\/metropolisconference.ca\/fr\/wp-json\/wp\/v2\/media?parent=3229"}],"wp:term":[{"taxonomy":"product_cat","embeddable":true,"href":"https:\/\/metropolisconference.ca\/fr\/wp-json\/wp\/v2\/product_cat?post=3229"},{"taxonomy":"product_tag","embeddable":true,"href":"https:\/\/metropolisconference.ca\/fr\/wp-json\/wp\/v2\/product_tag?post=3229"}],"curies":[{"name":"wp","href":"https:\/\/api.w.org\/{rel}","templated":true}]}}