{"id":3479,"date":"2021-07-06T14:04:22","date_gmt":"2021-07-06T18:13:55","guid":{"rendered":"https:\/\/metropolisconference.ca\/?post_type=product&#038;p=3479"},"modified":"2021-07-06T14:55:19","modified_gmt":"2021-07-06T18:55:19","slug":"__trashed","status":"publish","type":"product","link":"https:\/\/metropolisconference.ca\/fr\/product\/__trashed\/","title":{"rendered":"Multiculturalisme @50 : Diversit\u00e9, inclusion et \u00e9limination du racisme"},"content":{"rendered":"","protected":false},"excerpt":{"rendered":"","protected":false},"featured_media":0,"template":"","meta":{"_acf_changed":false},"product_cat":[160],"product_tag":[],"class_list":["post-3479","product","type-product","status-publish","hentry","product_cat-non-categorise","wcpa_has_options"],"acf":[],"wcpa_form_fields":{"rules":{"pric_overide_base_price":false,"pric_overide_base_price_if_gt_zero":false,"pric_overide_base_price_fully":false,"pric_cal_option_once":false,"pric_use_as_fee":false,"bind_quantity":false,"quantity_bind_formula":false},"fields":[{"type":"textarea","elementId":"wcpa-textarea-60e4a8e830e75","label":"Informations d\u00e9taill\u00e9es sur chaque participant","description":"Indiquez le nom, l'adresse courriel et l'organisation de chaque personne que vous inscrivez.","placeholder":"Nom, adresse courriel et organisation de chaque participant","pricingType":"fixed","rows":"3","name":"textarea-60e4a8e830e87","cl_rule":"show","cl_val":"1","operator":"and","col":6,"relations":[{"operator":"and","rules":[{"operator":false,"rules":{"cl_field":"quantity","cl_relation":"is_not","cl_val":"1"}}]},{"operator":false,"rules":[]}],"form_id":3492,"form_rules":{"pric_cal_option_once":false,"exclude_from_discount":false,"pric_use_as_fee":false,"fee_label":"Fee","render_after_acb":false,"disp_hide_options_price":false}},{"type":"checkbox-group","required":true,"elementId":"wcpa-checkbox-group-1625599276413","label":"Veuillez confirmer que vous avez lu et que vous acceptez la d\u00e9claration ci-dessous.","priceOptions":"different_for_all","pricingType":"fixed","name":"checkbox-group-1625599276413","other_text":"Other","cl_rule":"show","col":6,"values":[{"label":"Je comprends que AEC\/Metropolis se r\u00e9serve le droit de capturer des images des s\u00e9ances de la conf\u00e9rence, des pr\u00e9sentations et d'utiliser tout autre mat\u00e9riel partag\u00e9 pendant l'\u00e9v\u00e9nement \u00e0 des fins informatives et promotionnelles.  ","value":"accord","price":"","pimage":"","pimage_id":"","pthumb":""}],"relations":false,"form_id":3492,"form_rules":{"pric_cal_option_once":false,"exclude_from_discount":false,"pric_use_as_fee":false,"fee_label":"Fee","render_after_acb":false,"disp_hide_options_price":false}}]},"jetpack_sharing_enabled":true,"_links":{"self":[{"href":"https:\/\/metropolisconference.ca\/fr\/wp-json\/wp\/v2\/product\/3479","targetHints":{"allow":["GET"]}}],"collection":[{"href":"https:\/\/metropolisconference.ca\/fr\/wp-json\/wp\/v2\/product"}],"about":[{"href":"https:\/\/metropolisconference.ca\/fr\/wp-json\/wp\/v2\/types\/product"}],"wp:attachment":[{"href":"https:\/\/metropolisconference.ca\/fr\/wp-json\/wp\/v2\/media?parent=3479"}],"wp:term":[{"taxonomy":"product_cat","embeddable":true,"href":"https:\/\/metropolisconference.ca\/fr\/wp-json\/wp\/v2\/product_cat?post=3479"},{"taxonomy":"product_tag","embeddable":true,"href":"https:\/\/metropolisconference.ca\/fr\/wp-json\/wp\/v2\/product_tag?post=3479"}],"curies":[{"name":"wp","href":"https:\/\/api.w.org\/{rel}","templated":true}]}}