{"id":5941,"date":"2022-05-02T11:51:45","date_gmt":"2022-05-02T15:51:46","guid":{"rendered":"https:\/\/metropolisconference.ca\/?post_type=product&#038;p=5941"},"modified":"2022-05-19T16:02:59","modified_gmt":"2022-05-19T20:02:59","slug":"24e-congres-metropolis-canada-copy","status":"publish","type":"product","link":"https:\/\/metropolisconference.ca\/fr\/product\/24e-congres-metropolis-canada-copy\/","title":{"rendered":"5e Sommet Metropolis sur les identit\u00e9s"},"content":{"rendered":"","protected":false},"excerpt":{"rendered":"","protected":false},"featured_media":0,"template":"","meta":{"_acf_changed":false},"product_cat":[160],"product_tag":[],"class_list":["post-5941","product","type-product","status-publish","hentry","product_cat-non-categorise","wcpa_has_options"],"acf":[],"wcpa_form_fields":{"rules":{"pric_overide_base_price":false,"pric_overide_base_price_if_gt_zero":false,"pric_overide_base_price_fully":false,"pric_cal_option_once":false,"pric_use_as_fee":false,"bind_quantity":false,"quantity_bind_formula":false},"fields":[{"type":"checkbox-group","elementId":"wcpa-checkbox-group-1652802900090","label":"Journ\u00e9e de participation (si vous avez choisi l'option 1 jour)","description":"Veuillez choisir la journ\u00e9e o\u00f9 vous assisterez au congr\u00e8s si vous avez choisi l'option 1 jour.","priceOptions":"different_for_all","pricingType":"fixed","name":"checkbox-group-1652802900090","other_text":"Other","cl_rule":"show","col":6,"values":[{"label":"Mercredi 19 octobre","value":"oct-19","price":"","pimage":"","pimage_id":"","pthumb":""},{"label":"Jeudi 20 octobre","value":"oct-20","price":"","pimage":"","pimage_id":"","pthumb":""},{"label":"Vendredi 21 octobre","value":"oct-21","price":"","pimage":"","pimage_id":"","pthumb":""}],"relations":false,"form_id":6053,"form_rules":{"pric_cal_option_once":false,"exclude_from_discount":false,"pric_use_as_fee":false,"fee_label":"Fee","render_after_acb":false,"disp_hide_options_price":false}},{"type":"textarea","required":true,"elementId":"wcpa-textarea-1652802993528","label":"Nom(s), Adresse(s) courriel et Organisation(s) de chaque personne inscrite","description":"Vous pouvez inscrire plusieurs participants \u00e0 la fois en s\u00e9lectionnant le nombre de billets \u00e0 c\u00f4t\u00e9 du bouton \"Ajouter au panier\".","placeholder":"Indiquez ici le(s) Nom(s), Adresse(s) courriel et Organisation(s) de chaque personne inscrite.","pricingType":"fixed","rows":"3","name":"textarea-1652802993528","mapToCheckoutFieldParent":"billing","mapToCheckoutField":"billing_first_name","cl_rule":"show","col":6,"relations":false,"form_id":6053,"form_rules":{"pric_cal_option_once":false,"exclude_from_discount":false,"pric_use_as_fee":false,"fee_label":"Fee","render_after_acb":false,"disp_hide_options_price":false}},{"type":"select","required":true,"elementId":"wcpa-select-1656526929695","label":"\u00cates-vous un conf\u00e9rencier\/pan\u00e9liste au Sommet ?","description":"R\u00e9pondez OUI si vous allez figurer sur le programme du Sommet en pr\u00e9sentant une s\u00e9ance atelier, table ronde ou une affiche.","priceOptions":"different_for_all","pricingType":"fixed","name":"select-1656526929695","cl_rule":"show","col":6,"values":[{"label":"Oui","value":"oui","price":"","pimage":"","pimage_id":"","pthumb":""},{"label":"Non","value":"non","price":"","pimage":"","pimage_id":"","pthumb":""}],"relations":false,"form_id":6053,"form_rules":{"pric_cal_option_once":false,"exclude_from_discount":false,"pric_use_as_fee":false,"fee_label":"Fee","render_after_acb":false,"disp_hide_options_price":false}},{"type":"radio-group","required":true,"elementId":"wcpa-radio-group-1659973439865","label":"\u00c9v\u00e9nement sp\u00e9cial : Visite du Mus\u00e9e canadien des droits de la personne et R\u00e9ception de la conf\u00e9rence (Jeudi 20 octobre 2022, 17h-19h)","description":"Inscrivez-vous \u00e0 cette activit\u00e9 organis\u00e9e au Mus\u00e9e canadien des droits de la personne. L'\u00e9v\u00e9nement comprendra une visite priv\u00e9e en groupe d'un certain nombre de galeries du mus\u00e9e et sera suivi d'un cocktail avec rafra\u00eechissements et hors-d'\u0153uvres ainsi que de la pr\u00e9sence d'un invit\u00e9 de marque.","enablePrice":true,"priceOptions":"different_for_all","pricingType":"multiply","name":"radio-group-1659973439865","other_text":"Other","cl_rule":"show","col":6,"values":[{"label":"Oui, je veux participer \u00e0 la visite du mus\u00e9e et \u00e0 la r\u00e9ception de la conf\u00e9rence (20$\/pers.)","value":"oui-evenement-special","price":"20","pimage":"","pimage_id":"","pthumb":""},{"label":"Non, je ne participerai pas","value":"non-evenement-special","price":"0","pimage":"","pimage_id":"","pthumb":""}],"relations":false,"price":0,"form_id":6053,"form_rules":{"pric_cal_option_once":false,"exclude_from_discount":false,"pric_use_as_fee":false,"fee_label":"Fee","render_after_acb":false,"disp_hide_options_price":false}},{"type":"checkbox-group","required":true,"elementId":"wcpa-checkbox-group-1652803039773","label":"Veuillez confirmer que vous avez lu et que vous acceptez la d\u00e9claration ci-dessous","priceOptions":"different_for_all","pricingType":"fixed","name":"checkbox-group-1652803039773","other_text":"Other","cl_rule":"show","col":6,"values":[{"label":"Je comprends que l'AEC\/Institut Metropolis se r\u00e9serve le droit de capturer des images des s\u00e9ances du congr\u00e8s, des pr\u00e9sentations et d'utiliser tout autre mat\u00e9riel partag\u00e9 pendant l'\u00e9v\u00e9nement \u00e0 des fins informatives et promotionnelles. ","value":"accord","price":"","pimage":"","pimage_id":"","pthumb":""}],"relations":false,"form_id":6053,"form_rules":{"pric_cal_option_once":false,"exclude_from_discount":false,"pric_use_as_fee":false,"fee_label":"Fee","render_after_acb":false,"disp_hide_options_price":false}}]},"jetpack_sharing_enabled":true,"_links":{"self":[{"href":"https:\/\/metropolisconference.ca\/fr\/wp-json\/wp\/v2\/product\/5941","targetHints":{"allow":["GET"]}}],"collection":[{"href":"https:\/\/metropolisconference.ca\/fr\/wp-json\/wp\/v2\/product"}],"about":[{"href":"https:\/\/metropolisconference.ca\/fr\/wp-json\/wp\/v2\/types\/product"}],"wp:attachment":[{"href":"https:\/\/metropolisconference.ca\/fr\/wp-json\/wp\/v2\/media?parent=5941"}],"wp:term":[{"taxonomy":"product_cat","embeddable":true,"href":"https:\/\/metropolisconference.ca\/fr\/wp-json\/wp\/v2\/product_cat?post=5941"},{"taxonomy":"product_tag","embeddable":true,"href":"https:\/\/metropolisconference.ca\/fr\/wp-json\/wp\/v2\/product_tag?post=5941"}],"curies":[{"name":"wp","href":"https:\/\/api.w.org\/{rel}","templated":true}]}}