{"id":6779,"date":"2022-08-08T14:46:39","date_gmt":"2022-08-08T18:46:40","guid":{"rendered":"https:\/\/metropolisconference.ca\/?post_type=product&#038;p=6779"},"modified":"2022-08-15T10:10:27","modified_gmt":"2022-08-15T14:10:27","slug":"5e-sommet-metropolis-sur-les-identites-evenement-special","status":"publish","type":"product","link":"https:\/\/metropolisconference.ca\/fr\/product\/5e-sommet-metropolis-sur-les-identites-evenement-special\/","title":{"rendered":"\u00c9v\u00e9nement sp\u00e9cial &#8211; 5e Sommet Metropolis sur les identit\u00e9s"},"content":{"rendered":"","protected":false},"excerpt":{"rendered":"<h2>VISITE DU MUS\u00c9E CANADIEN DES DROITS DE LA PERSONNE ET R\u00c9CEPTION \u00c0 LA CONF\u00c9RENCE DU 5E SOMMET METROPOLIS SUR LES IDENTIT\u00c9S<\/h2>\n<p><strong>Jeudi 20 octobre 2022, 17h00 &#8211; 19h00<\/strong><\/p>\n<p>Lieu : Mus\u00e9e canadien des droits de la personne, 85 Asper Way, Winnipeg, Manitoba R3C 0L5<\/p>\n<p>Co\u00fbt : 20 $<\/p>\n<p>L&rsquo;\u00e9v\u00e9nement comprendra une visite priv\u00e9e en groupe d&rsquo;un certain nombre de galeries du mus\u00e9e et sera suivi d&rsquo;un cocktail avec rafra\u00eechissements et hors-d&rsquo;\u0153uvres ainsi que de la pr\u00e9sence d&rsquo;un invit\u00e9 de marque.<\/p>\n","protected":false},"featured_media":0,"template":"","meta":{"_acf_changed":false},"product_cat":[160],"product_tag":[],"class_list":["post-6779","product","type-product","status-publish","hentry","product_cat-non-categorise","wcpa_has_options"],"acf":[],"wcpa_form_fields":{"rules":{"pric_overide_base_price":false,"pric_overide_base_price_if_gt_zero":false,"pric_overide_base_price_fully":false,"pric_cal_option_once":false,"pric_use_as_fee":false,"bind_quantity":false,"quantity_bind_formula":false},"fields":[{"type":"textarea","required":true,"elementId":"wcpa-textarea-62f15e2341050","label":"Nom(s), Adresse(s) courriel et Organisation(s) de chaque personne inscrite","description":"Vous pouvez inscrire plusieurs participants \u00e0 la fois en s\u00e9lectionnant le nombre de billets \u00e0 c\u00f4t\u00e9 du bouton \"Ajouter au panier\".","placeholder":"Indiquez ici le(s) Nom(s), Adresse(s) courriel et Organisation(s) de chaque personne inscrite.","pricingType":"fixed","rows":"3","name":"textarea-62f15e2341058","mapToCheckoutFieldParent":"billing","mapToCheckoutField":"billing_first_name","cl_rule":"show","col":6,"relations":false,"form_id":6798,"form_rules":{"pric_cal_option_once":false,"exclude_from_discount":false,"pric_use_as_fee":false,"fee_label":"Fee","render_after_acb":false,"disp_hide_options_price":false}},{"type":"checkbox-group","required":true,"elementId":"wcpa-checkbox-group-62f15e234107d","label":"Veuillez confirmer que vous avez lu et que vous acceptez la d\u00e9claration ci-dessous","priceOptions":"different_for_all","pricingType":"fixed","name":"checkbox-group-62f15e2341085","other_text":"Other","cl_rule":"show","col":6,"values":[{"label":"Je comprends que l'AEC\/Institut Metropolis se r\u00e9serve le droit de capturer des images des s\u00e9ances du congr\u00e8s, des pr\u00e9sentations et d'utiliser tout autre mat\u00e9riel partag\u00e9 pendant l'\u00e9v\u00e9nement \u00e0 des fins informatives et promotionnelles. ","value":"accord","price":"","pimage":"","pimage_id":"","pthumb":""}],"relations":false,"form_id":6798,"form_rules":{"pric_cal_option_once":false,"exclude_from_discount":false,"pric_use_as_fee":false,"fee_label":"Fee","render_after_acb":false,"disp_hide_options_price":false}}]},"jetpack_sharing_enabled":true,"_links":{"self":[{"href":"https:\/\/metropolisconference.ca\/fr\/wp-json\/wp\/v2\/product\/6779","targetHints":{"allow":["GET"]}}],"collection":[{"href":"https:\/\/metropolisconference.ca\/fr\/wp-json\/wp\/v2\/product"}],"about":[{"href":"https:\/\/metropolisconference.ca\/fr\/wp-json\/wp\/v2\/types\/product"}],"wp:attachment":[{"href":"https:\/\/metropolisconference.ca\/fr\/wp-json\/wp\/v2\/media?parent=6779"}],"wp:term":[{"taxonomy":"product_cat","embeddable":true,"href":"https:\/\/metropolisconference.ca\/fr\/wp-json\/wp\/v2\/product_cat?post=6779"},{"taxonomy":"product_tag","embeddable":true,"href":"https:\/\/metropolisconference.ca\/fr\/wp-json\/wp\/v2\/product_tag?post=6779"}],"curies":[{"name":"wp","href":"https:\/\/api.w.org\/{rel}","templated":true}]}}