{"id":7064,"date":"2022-08-30T16:03:47","date_gmt":"2022-08-30T20:39:21","guid":{"rendered":"https:\/\/metropolisconference.ca\/?post_type=product&#038;p=7064"},"modified":"2022-08-30T16:39:22","modified_gmt":"2022-08-30T20:39:22","slug":"metropolis-ameriques-tijuana-2022","status":"publish","type":"product","link":"https:\/\/metropolisconference.ca\/fr\/product\/metropolis-ameriques-tijuana-2022\/","title":{"rendered":"Metropolis Am\u00e9riques Tijuana 2022"},"content":{"rendered":"","protected":false},"excerpt":{"rendered":"","protected":false},"featured_media":0,"template":"","meta":{"_acf_changed":false},"product_cat":[160],"product_tag":[],"class_list":["post-7064","product","type-product","status-publish","hentry","product_cat-non-categorise","wcpa_has_options"],"acf":[],"wcpa_form_fields":{"rules":{"pric_overide_base_price":false,"pric_overide_base_price_if_gt_zero":false,"pric_overide_base_price_fully":false,"pric_cal_option_once":false,"pric_use_as_fee":false,"bind_quantity":false,"quantity_bind_formula":false},"fields":[{"type":"textarea","elementId":"wcpa-textarea-630e7445c252d","label":"Informations d\u00e9taill\u00e9es sur chaque participant","description":"Indiquez le nom, l'adresse courriel et l'organisation de chaque personne que vous inscrivez.","desc_type":true,"placeholder":"Nom, adresse courriel et organisation de chaque participant","pricingType":"fixed","rows":"3","name":"textarea-630e7445c2568","mapToCheckoutFieldParent":"billing","mapToCheckoutField":"billing_first_name","cl_rule":"show","col":6,"relations":false,"form_id":7063,"form_rules":{"pric_cal_option_once":false,"exclude_from_discount":false,"pric_use_as_fee":false,"fee_label":"Fee","render_after_acb":false,"disp_hide_options_price":false}},{"type":"checkbox-group","required":true,"elementId":"wcpa-checkbox-group-1667501500694","label":"Voulez-vous vous inscrire \u00e0 la visite de la fronti\u00e8re du vendredi apr\u00e8s-midi ? (GRATUIT)","priceOptions":"different_for_all","pricingType":"fixed","name":"checkbox-group-1667501500694","other_text":"Other","cl_rule":"show","col":6,"values":[{"label":"Oui, je veux participer","value":"oui","price":"","pimage":"","pimage_id":"","pthumb":""},{"label":"Non, je ne veux pas participer","value":"non","price":"","pimage":"","pimage_id":"","pthumb":""}],"relations":false,"form_id":7063,"form_rules":{"pric_cal_option_once":false,"exclude_from_discount":false,"pric_use_as_fee":false,"fee_label":"Fee","render_after_acb":false,"disp_hide_options_price":false}},{"type":"checkbox-group","required":true,"elementId":"wcpa-checkbox-group-630e7445c257f","label":"Veuillez confirmer que vous avez lu et que vous acceptez la d\u00e9claration ci-dessous.","priceOptions":"different_for_all","pricingType":"fixed","name":"checkbox-group-630e7445c258f","other_text":"Other","cl_rule":"show","col":6,"values":[{"label":"Je comprends que AEC\/Metropolis se r\u00e9serve le droit de capturer des images des s\u00e9ances de la conf\u00e9rence, des pr\u00e9sentations et d'utiliser tout autre mat\u00e9riel partag\u00e9 pendant l'\u00e9v\u00e9nement \u00e0 des fins informatives et promotionnelles.  ","value":"accord","price":"","pimage":"","pimage_id":"","pthumb":""}],"relations":false,"form_id":7063,"form_rules":{"pric_cal_option_once":false,"exclude_from_discount":false,"pric_use_as_fee":false,"fee_label":"Fee","render_after_acb":false,"disp_hide_options_price":false}}]},"jetpack_sharing_enabled":true,"_links":{"self":[{"href":"https:\/\/metropolisconference.ca\/fr\/wp-json\/wp\/v2\/product\/7064","targetHints":{"allow":["GET"]}}],"collection":[{"href":"https:\/\/metropolisconference.ca\/fr\/wp-json\/wp\/v2\/product"}],"about":[{"href":"https:\/\/metropolisconference.ca\/fr\/wp-json\/wp\/v2\/types\/product"}],"wp:attachment":[{"href":"https:\/\/metropolisconference.ca\/fr\/wp-json\/wp\/v2\/media?parent=7064"}],"wp:term":[{"taxonomy":"product_cat","embeddable":true,"href":"https:\/\/metropolisconference.ca\/fr\/wp-json\/wp\/v2\/product_cat?post=7064"},{"taxonomy":"product_tag","embeddable":true,"href":"https:\/\/metropolisconference.ca\/fr\/wp-json\/wp\/v2\/product_tag?post=7064"}],"curies":[{"name":"wp","href":"https:\/\/api.w.org\/{rel}","templated":true}]}}